{"id":3265,"date":"2025-08-21T12:16:09","date_gmt":"2025-08-21T10:16:09","guid":{"rendered":"https:\/\/unomusic.dfirma.pl\/?product=zespol-impress"},"modified":"2025-08-22T14:46:29","modified_gmt":"2025-08-22T12:46:29","slug":"zespol-impress","status":"publish","type":"product","link":"https:\/\/unomusicsklep.pl\/?product=zespol-impress","title":{"rendered":"Zesp\u00f3\u0142 IMPRESS"},"content":{"rendered":"<pre>IMPRESS to zesp\u00f3\u0142 muzyczny z S\u0119dziszowic w wojew\u00f3dztwie \r\n\u015awi\u0119tokrzyskim, kt\u00f3rego liderem i za\u0142o\u017cycielem jest \r\nJaros\u0142aw Nied\u017awied\u017a. Grupa specjalizuje si\u0119 w muzyce \r\ntanecznej, disco polo oraz popularnych polskich i \r\nzagranicznych coverach. Impress powsta\u0142 jako zesp\u00f3\u0142 \r\nweselny, a obecnie regularnie gra koncerty, zapewniaj\u0105c \r\nprofesjonalne nag\u0142o\u015bnienie, w\u0142asne aran\u017cacje i szeroki \r\nrepertuar. Jaros\u0142aw Nied\u017awied\u017a odpowiada za muzyk\u0119, \r\naran\u017cacj\u0119 oraz realizacj\u0119 nagra\u0144 zespo\u0142u\r\n\r\n\r\n\r\nCD1 (1) Halo, halo dziewczyno, (2) Para bia\u0142o czarna, (3) Dziadek i stringi, (4) Kiedy wr\u00f3cisz tu, \r\n(5) Mia\u0142em dziewczyn\u0119, (6) Nie \u017ca\u0142uj serduszka, (7) Taniec w burzy, (8) \u017beby\u015bcie wiedzieli, \r\n(9) Ciebie tak kocham, (10) Kiedy odes\u0142a\u015b, (11) Czemu Ty dziewcz\u0119 w lesie stoisz, \r\n(12) Czerwona jarz\u0119bina, (13) Czerwone r\u00f3\u017ce, czerwone maki, (14) Serce, (15) Polskie kwiaty\r\n\r\n<\/pre>\n","protected":false},"excerpt":{"rendered":"<p>IMPRESS to zesp\u00f3\u0142 muzyczny z S\u0119dziszowic w wojew\u00f3dztwie \u015awi\u0119tokrzyskim, kt\u00f3rego liderem i za\u0142o\u017cycielem jest Jaros\u0142aw Nied\u017awied\u017a. Grupa specjalizuje si\u0119 w muzyce tanecznej, disco polo oraz popularnych polskich i zagranicznych coverach. Impress powsta\u0142 jako zesp\u00f3\u0142 weselny, a obecnie regularnie gra koncerty, zapewniaj\u0105c profesjonalne nag\u0142o\u015bnienie, w\u0142asne aran\u017cacje i szeroki repertuar. Jaros\u0142aw Nied\u017awied\u017a odpowiada za muzyk\u0119, aran\u017cacj\u0119 oraz [&hellip;]<\/p>\n","protected":false},"featured_media":3306,"template":"","meta":{"_acf_changed":false},"product_brand":[102],"product_cat":[77,78,80],"product_tag":[],"class_list":{"0":"post-3265","1":"product","2":"type-product","3":"status-publish","4":"has-post-thumbnail","6":"product_brand-zespol-impress","7":"product_cat-muzyka-biesiadna","8":"product_cat-muzyka-dance","9":"product_cat-muzyka-weselna","11":"first","12":"instock","13":"shipping-taxable","14":"purchasable","15":"product-type-simple"},"acf":[],"jetpack_sharing_enabled":true,"_links":{"self":[{"href":"https:\/\/unomusicsklep.pl\/index.php?rest_route=\/wp\/v2\/product\/3265","targetHints":{"allow":["GET"]}}],"collection":[{"href":"https:\/\/unomusicsklep.pl\/index.php?rest_route=\/wp\/v2\/product"}],"about":[{"href":"https:\/\/unomusicsklep.pl\/index.php?rest_route=\/wp\/v2\/types\/product"}],"wp:featuredmedia":[{"embeddable":true,"href":"https:\/\/unomusicsklep.pl\/index.php?rest_route=\/wp\/v2\/media\/3306"}],"wp:attachment":[{"href":"https:\/\/unomusicsklep.pl\/index.php?rest_route=%2Fwp%2Fv2%2Fmedia&parent=3265"}],"wp:term":[{"taxonomy":"product_brand","embeddable":true,"href":"https:\/\/unomusicsklep.pl\/index.php?rest_route=%2Fwp%2Fv2%2Fproduct_brand&post=3265"},{"taxonomy":"product_cat","embeddable":true,"href":"https:\/\/unomusicsklep.pl\/index.php?rest_route=%2Fwp%2Fv2%2Fproduct_cat&post=3265"},{"taxonomy":"product_tag","embeddable":true,"href":"https:\/\/unomusicsklep.pl\/index.php?rest_route=%2Fwp%2Fv2%2Fproduct_tag&post=3265"}],"curies":[{"name":"wp","href":"https:\/\/api.w.org\/{rel}","templated":true}]}}