{"id":3266,"date":"2025-08-21T12:16:09","date_gmt":"2025-08-21T10:16:09","guid":{"rendered":"https:\/\/unomusic.dfirma.pl\/?product=pozytywnie-nakreceni"},"modified":"2025-08-22T14:44:20","modified_gmt":"2025-08-22T12:44:20","slug":"pozytywnie-nakreceni","status":"publish","type":"product","link":"https:\/\/unomusicsklep.pl\/?product=pozytywnie-nakreceni","title":{"rendered":"Pozytywnie Nakr\u0119ceni"},"content":{"rendered":"<pre>Pozytywnie nakr\u0119ceni to kapela graj\u0105ca w przewa\u017caj\u0105cej wi\u0119kszo\u015bci \r\nswoje autorskie utwory w klimacie folkowym. Za\u0142o\u017cycielem i \r\nkierownikiem zespo\u0142u jest Marek Omasta- Akordeonista i wokalista.\r\nTworz\u0105c muzyk\u0119 czerpi\u0105 inspiracje z muzyki ludowej Rumunii, \r\nHiszpanii i S\u0142owacji.\r\n\r\nCD1 (1) Chmury szaroniebieskie, (2) Hiszpanski, (3) G\u00f3ralsky, (4) Rumunsky, (5) Gypsy, \r\n(6) Na \u0141ysicy, (7) Drogi nieprzebyte, (8) Wina nalej, (9) Szala\u0142a, szala\u0142a, (10) Hej soko\u0142y, \r\n(11) Mamko moja, (12) Wymy\u015bl, (13) Z\u0142oty Pan, (14) Pozytywny swing<\/pre>\n","protected":false},"excerpt":{"rendered":"<p>Pozytywnie nakr\u0119ceni to kapela graj\u0105ca w przewa\u017caj\u0105cej wi\u0119kszo\u015bci swoje autorskie utwory w klimacie folkowym. Za\u0142o\u017cycielem i kierownikiem zespo\u0142u jest Marek Omasta- Akordeonista i wokalista. Tworz\u0105c muzyk\u0119 czerpi\u0105 inspiracje z muzyki ludowej Rumunii, Hiszpanii i S\u0142owacji. CD1 (1) Chmury szaroniebieskie, (2) Hiszpanski, (3) G\u00f3ralsky, (4) Rumunsky, (5) Gypsy, (6) Na \u0141ysicy, (7) Drogi nieprzebyte, (8) Wina [&hellip;]<\/p>\n","protected":false},"featured_media":3304,"template":"","meta":{"_acf_changed":false},"product_brand":[115],"product_cat":[67],"product_tag":[],"class_list":{"0":"post-3266","1":"product","2":"type-product","3":"status-publish","4":"has-post-thumbnail","6":"product_brand-pozytywnie-nakreceni","7":"product_cat-muzyka-ludowa","9":"first","10":"instock","11":"shipping-taxable","12":"purchasable","13":"product-type-simple"},"acf":[],"jetpack_sharing_enabled":true,"_links":{"self":[{"href":"https:\/\/unomusicsklep.pl\/index.php?rest_route=\/wp\/v2\/product\/3266","targetHints":{"allow":["GET"]}}],"collection":[{"href":"https:\/\/unomusicsklep.pl\/index.php?rest_route=\/wp\/v2\/product"}],"about":[{"href":"https:\/\/unomusicsklep.pl\/index.php?rest_route=\/wp\/v2\/types\/product"}],"wp:featuredmedia":[{"embeddable":true,"href":"https:\/\/unomusicsklep.pl\/index.php?rest_route=\/wp\/v2\/media\/3304"}],"wp:attachment":[{"href":"https:\/\/unomusicsklep.pl\/index.php?rest_route=%2Fwp%2Fv2%2Fmedia&parent=3266"}],"wp:term":[{"taxonomy":"product_brand","embeddable":true,"href":"https:\/\/unomusicsklep.pl\/index.php?rest_route=%2Fwp%2Fv2%2Fproduct_brand&post=3266"},{"taxonomy":"product_cat","embeddable":true,"href":"https:\/\/unomusicsklep.pl\/index.php?rest_route=%2Fwp%2Fv2%2Fproduct_cat&post=3266"},{"taxonomy":"product_tag","embeddable":true,"href":"https:\/\/unomusicsklep.pl\/index.php?rest_route=%2Fwp%2Fv2%2Fproduct_tag&post=3266"}],"curies":[{"name":"wp","href":"https:\/\/api.w.org\/{rel}","templated":true}]}}