{"id":3267,"date":"2025-08-21T12:16:09","date_gmt":"2025-08-21T10:16:09","guid":{"rendered":"https:\/\/unomusic.dfirma.pl\/?product=kapela-hanka-z-malogoszczy"},"modified":"2025-08-22T14:42:43","modified_gmt":"2025-08-22T12:42:43","slug":"kapela-hanka-z-malogoszczy","status":"publish","type":"product","link":"https:\/\/unomusicsklep.pl\/?product=kapela-hanka-z-malogoszczy","title":{"rendered":"Kapela He\u0144ka z Ma\u0142ogoszczy"},"content":{"rendered":"<pre>Kapela He\u0144ka z Ma\u0142ogoszcza to jeden z czo\u0142owych zespo\u0142\u00f3w ludowych \r\nwojew\u00f3dztwa \u015bwi\u0119tokrzyskiego. Powsta\u0142a z po\u0142\u0105czenia dw\u00f3ch kapel, \r\na solistk\u0105 jest Monika Walas. Wielokrotnie nagradzana w Buskich \r\nSpotkaniach z Folklorem i innych presti\u017cowych konkursach. \r\nMa na koncie wiele utwor\u00f3w docenianych przez fan\u00f3w muzyki ludowej.\r\n\r\nCD1 (1) B\u0142awatek, (2) Chodzi\u0142em do Ciebie, (3) Starego mi dali, (4) Oj, p\u0142ynie woda, \r\n(5) Nie siadaj nad wod\u0105, (6) W jego obj\u0119ciach, (7) P\u0142ynie strumyk, p\u0142ynie, (8) Wysoki zomecek, \r\n(9) Po g\u0142\u0119bokiej wodzie, (10) \u017bytko, (11) Nie b\u0119d\u0119, nie b\u0119d\u0119, (12) Niedola Jadwigi, \r\n(13) Walc He\u0144ka - instrumental, (14) Siedzia\u0142a dziewczyna, (15) Matu\u015b moja matu\u015b, \r\n(16) Tam ko\u0142o m\u0142yna<\/pre>\n","protected":false},"excerpt":{"rendered":"<p>Kapela He\u0144ka z Ma\u0142ogoszcza to jeden z czo\u0142owych zespo\u0142\u00f3w ludowych wojew\u00f3dztwa \u015bwi\u0119tokrzyskiego. Powsta\u0142a z po\u0142\u0105czenia dw\u00f3ch kapel, a solistk\u0105 jest Monika Walas. Wielokrotnie nagradzana w Buskich Spotkaniach z Folklorem i innych presti\u017cowych konkursach. Ma na koncie wiele utwor\u00f3w docenianych przez fan\u00f3w muzyki ludowej. CD1 (1) B\u0142awatek, (2) Chodzi\u0142em do Ciebie, (3) Starego mi dali, (4) [&hellip;]<\/p>\n","protected":false},"featured_media":3302,"template":"","meta":{"_acf_changed":false},"product_brand":[116],"product_cat":[77,67,80],"product_tag":[],"class_list":{"0":"post-3267","1":"product","2":"type-product","3":"status-publish","4":"has-post-thumbnail","6":"product_brand-kapela-hanka-z-malogoszczy","7":"product_cat-muzyka-biesiadna","8":"product_cat-muzyka-ludowa","9":"product_cat-muzyka-weselna","11":"first","12":"instock","13":"shipping-taxable","14":"purchasable","15":"product-type-simple"},"acf":[],"jetpack_sharing_enabled":true,"_links":{"self":[{"href":"https:\/\/unomusicsklep.pl\/index.php?rest_route=\/wp\/v2\/product\/3267","targetHints":{"allow":["GET"]}}],"collection":[{"href":"https:\/\/unomusicsklep.pl\/index.php?rest_route=\/wp\/v2\/product"}],"about":[{"href":"https:\/\/unomusicsklep.pl\/index.php?rest_route=\/wp\/v2\/types\/product"}],"wp:featuredmedia":[{"embeddable":true,"href":"https:\/\/unomusicsklep.pl\/index.php?rest_route=\/wp\/v2\/media\/3302"}],"wp:attachment":[{"href":"https:\/\/unomusicsklep.pl\/index.php?rest_route=%2Fwp%2Fv2%2Fmedia&parent=3267"}],"wp:term":[{"taxonomy":"product_brand","embeddable":true,"href":"https:\/\/unomusicsklep.pl\/index.php?rest_route=%2Fwp%2Fv2%2Fproduct_brand&post=3267"},{"taxonomy":"product_cat","embeddable":true,"href":"https:\/\/unomusicsklep.pl\/index.php?rest_route=%2Fwp%2Fv2%2Fproduct_cat&post=3267"},{"taxonomy":"product_tag","embeddable":true,"href":"https:\/\/unomusicsklep.pl\/index.php?rest_route=%2Fwp%2Fv2%2Fproduct_tag&post=3267"}],"curies":[{"name":"wp","href":"https:\/\/api.w.org\/{rel}","templated":true}]}}