{"id":3268,"date":"2025-08-21T12:16:09","date_gmt":"2025-08-21T10:16:09","guid":{"rendered":"https:\/\/unomusic.dfirma.pl\/?product=kapela-voice"},"modified":"2025-08-22T17:36:20","modified_gmt":"2025-08-22T15:36:20","slug":"kapela-voice","status":"publish","type":"product","link":"https:\/\/unomusicsklep.pl\/?product=kapela-voice","title":{"rendered":"Kapela Voice"},"content":{"rendered":"<pre>Kapela Voice dzia\u0142a od 1999 roku. Jej tw\u00f3rcami s\u0105 muzycy z okolic \r\nLe\u017cajska na Rzeszowszczy\u017anie, kt\u00f3rzy kontynuuj\u0105 folklorystyczne \r\ntradycje po zako\u0144czeniu zawodowej kariery muzycznej. Od pocz\u0105tku \r\ndzia\u0142alno\u015bci kapela wyst\u0119puje na festynach i uroczysto\u015bciach, \r\np\u00f3\u017aniej poszerzyli repertuar o w\u0142asne aran\u017cacje muzyki rzeszowskiej \r\ni lasowiackiej. S\u0142aw\u0119 zyskali po publikacji nagra\u0144 w internecie, maj\u0105 \r\nna koncie trzy p\u0142yty, a mimo zmian kadrowych graj\u0105 nieprzerwanie \r\njako kwartet. Has\u0142o kapeli to \u201eVoice odkrywa nieznane\u201d, a ich \r\ndzia\u0142alno\u015b\u0107 to przyk\u0142ad \u0142\u0105czenia tradycji z nowoczesno\u015bci\u0105.\r\n\r\nCD1 (1) Dolo moja, dolo, (2) Szynkareczka, (3) Dwie biedy, (4) Nasz dixiland, (5) \u015apiewa nam morze, \r\n(6) My s\u0105 ch\u0142opcy od Le\u017cajska, (7) Jak szed\u0142em do baru, (8) Posz\u0142a Kasia, (9) Gdzie\u015b od Le\u017cajska, \r\n(10) Samotny le\u015bny kwiat, (11) Siedem czerwonych r\u00f3\u017c, (12) Zielona traweczka, (13) Napotka\u0142em dziewcz\u0119, \r\n(14) Bawmy si\u0119, (15) Kareta z\u0142ota, (16) Wysoki zomecek<\/pre>\n","protected":false},"excerpt":{"rendered":"<p>Kapela Voice dzia\u0142a od 1999 roku. Jej tw\u00f3rcami s\u0105 muzycy z okolic Le\u017cajska na Rzeszowszczy\u017anie, kt\u00f3rzy kontynuuj\u0105 folklorystyczne tradycje po zako\u0144czeniu zawodowej kariery muzycznej. Od pocz\u0105tku dzia\u0142alno\u015bci kapela wyst\u0119puje na festynach i uroczysto\u015bciach, p\u00f3\u017aniej poszerzyli repertuar o w\u0142asne aran\u017cacje muzyki rzeszowskiej i lasowiackiej. S\u0142aw\u0119 zyskali po publikacji nagra\u0144 w internecie, maj\u0105 na koncie trzy p\u0142yty, [&hellip;]<\/p>\n","protected":false},"featured_media":3299,"template":"","meta":{"_acf_changed":false},"product_brand":[117],"product_cat":[77,67,80],"product_tag":[],"class_list":{"0":"post-3268","1":"product","2":"type-product","3":"status-publish","4":"has-post-thumbnail","6":"product_brand-kapela-voice","7":"product_cat-muzyka-biesiadna","8":"product_cat-muzyka-ludowa","9":"product_cat-muzyka-weselna","11":"first","12":"instock","13":"shipping-taxable","14":"purchasable","15":"product-type-simple"},"acf":[],"jetpack_sharing_enabled":true,"_links":{"self":[{"href":"https:\/\/unomusicsklep.pl\/index.php?rest_route=\/wp\/v2\/product\/3268","targetHints":{"allow":["GET"]}}],"collection":[{"href":"https:\/\/unomusicsklep.pl\/index.php?rest_route=\/wp\/v2\/product"}],"about":[{"href":"https:\/\/unomusicsklep.pl\/index.php?rest_route=\/wp\/v2\/types\/product"}],"wp:featuredmedia":[{"embeddable":true,"href":"https:\/\/unomusicsklep.pl\/index.php?rest_route=\/wp\/v2\/media\/3299"}],"wp:attachment":[{"href":"https:\/\/unomusicsklep.pl\/index.php?rest_route=%2Fwp%2Fv2%2Fmedia&parent=3268"}],"wp:term":[{"taxonomy":"product_brand","embeddable":true,"href":"https:\/\/unomusicsklep.pl\/index.php?rest_route=%2Fwp%2Fv2%2Fproduct_brand&post=3268"},{"taxonomy":"product_cat","embeddable":true,"href":"https:\/\/unomusicsklep.pl\/index.php?rest_route=%2Fwp%2Fv2%2Fproduct_cat&post=3268"},{"taxonomy":"product_tag","embeddable":true,"href":"https:\/\/unomusicsklep.pl\/index.php?rest_route=%2Fwp%2Fv2%2Fproduct_tag&post=3268"}],"curies":[{"name":"wp","href":"https:\/\/api.w.org\/{rel}","templated":true}]}}