{"id":3270,"date":"2025-08-21T12:16:09","date_gmt":"2025-08-21T10:16:09","guid":{"rendered":"https:\/\/unomusic.dfirma.pl\/?product=zespol-przystan"},"modified":"2025-08-22T17:36:32","modified_gmt":"2025-08-22T15:36:32","slug":"zespol-przystan","status":"publish","type":"product","link":"https:\/\/unomusicsklep.pl\/?product=zespol-przystan","title":{"rendered":"Zesp\u00f3\u0142 Przysta\u0144"},"content":{"rendered":"<pre>CD1 (1) Ko\u0142eczka si\u0119 obracaj\u0105, (2) Wysza\u0142abym za dziada, (3) Cygan, (4) Odejd\u0119, odejd\u0119, \r\n(5) Ciupazecka, (6) Idzie dysc, (7) Takiego Janicka, (8) Winko pije, (9) W moim ogr\u00f3deczku, \r\n(10) Bia\u0142e \u0142ab\u0119dzie, (11) Lipka, (12) Szariko Mariko, (13) Oj, zagraj mi muzyko, \r\n(14) Dolineczkom p\u0142ynie, (15) Zaczekaj z tym do jutra<\/pre>\n","protected":false},"excerpt":{"rendered":"<p>CD1 (1) Ko\u0142eczka si\u0119 obracaj\u0105, (2) Wysza\u0142abym za dziada, (3) Cygan, (4) Odejd\u0119, odejd\u0119, (5) Ciupazecka, (6) Idzie dysc, (7) Takiego Janicka, (8) Winko pije, (9) W moim ogr\u00f3deczku, (10) Bia\u0142e \u0142ab\u0119dzie, (11) Lipka, (12) Szariko Mariko, (13) Oj, zagraj mi muzyko, (14) Dolineczkom p\u0142ynie, (15) Zaczekaj z tym do jutra<\/p>\n","protected":false},"featured_media":3295,"template":"","meta":{"_acf_changed":false},"product_brand":[119],"product_cat":[77,67],"product_tag":[],"class_list":{"0":"post-3270","1":"product","2":"type-product","3":"status-publish","4":"has-post-thumbnail","6":"product_brand-zespol-przystan","7":"product_cat-muzyka-biesiadna","8":"product_cat-muzyka-ludowa","10":"first","11":"instock","12":"shipping-taxable","13":"purchasable","14":"product-type-simple"},"acf":[],"jetpack_sharing_enabled":true,"_links":{"self":[{"href":"https:\/\/unomusicsklep.pl\/index.php?rest_route=\/wp\/v2\/product\/3270","targetHints":{"allow":["GET"]}}],"collection":[{"href":"https:\/\/unomusicsklep.pl\/index.php?rest_route=\/wp\/v2\/product"}],"about":[{"href":"https:\/\/unomusicsklep.pl\/index.php?rest_route=\/wp\/v2\/types\/product"}],"wp:featuredmedia":[{"embeddable":true,"href":"https:\/\/unomusicsklep.pl\/index.php?rest_route=\/wp\/v2\/media\/3295"}],"wp:attachment":[{"href":"https:\/\/unomusicsklep.pl\/index.php?rest_route=%2Fwp%2Fv2%2Fmedia&parent=3270"}],"wp:term":[{"taxonomy":"product_brand","embeddable":true,"href":"https:\/\/unomusicsklep.pl\/index.php?rest_route=%2Fwp%2Fv2%2Fproduct_brand&post=3270"},{"taxonomy":"product_cat","embeddable":true,"href":"https:\/\/unomusicsklep.pl\/index.php?rest_route=%2Fwp%2Fv2%2Fproduct_cat&post=3270"},{"taxonomy":"product_tag","embeddable":true,"href":"https:\/\/unomusicsklep.pl\/index.php?rest_route=%2Fwp%2Fv2%2Fproduct_tag&post=3270"}],"curies":[{"name":"wp","href":"https:\/\/api.w.org\/{rel}","templated":true}]}}