{"id":3271,"date":"2025-08-21T12:16:09","date_gmt":"2025-08-21T10:16:09","guid":{"rendered":"https:\/\/unomusic.dfirma.pl\/?product=zespol-strazacki-pelczynszczanie"},"modified":"2025-08-22T17:36:36","modified_gmt":"2025-08-22T15:36:36","slug":"zespol-strazacki-pelczynszczanie","status":"publish","type":"product","link":"https:\/\/unomusicsklep.pl\/?product=zespol-strazacki-pelczynszczanie","title":{"rendered":"Zesp\u00f3\u0142 Stra\u017cacki Pelczynszczanie"},"content":{"rendered":"<pre>Pe\u0142czyszczanie to zesp\u00f3\u0142 stra\u017cacki powsta\u0142y w 2002 roku z cz\u0142onk\u00f3w OSP Pe\u0142czyska. \r\nMog\u0105 pochwali\u0107 si\u0119 wieloma wyst\u0119pami w kraju i za granic\u0105, nagrali p\u0142yt\u0119, a ich \r\nrepertuar prezentuje uroki regionu Ponidzia. S\u0105 jedyn\u0105 tak\u0105 formacj\u0105 ochotniczych \r\nstra\u017cak\u00f3w w Polsce\r\n\r\nCD1 (1) Skowroneczek, (2) Przyszed\u0142em z wesela, (3) Bliska moim my\u015blom, (4) Je\u015bli kogo\u015b kochasz, \r\n(5) Promienie, (6) Puszcza, (7) Wino pije, (8) Na zamku, (9) Czy b\u0119dzie Ci ze mn\u0105 dobrze,\r\n(10) Taki pi\u0119kny \u015bwiat, (11) Dziewczyno ma, (12) Bitlemania story, (13) Hej, hej g\u00f3rale, \r\n(14) Bo wszyscy Polacy<\/pre>\n","protected":false},"excerpt":{"rendered":"<p>Pe\u0142czyszczanie to zesp\u00f3\u0142 stra\u017cacki powsta\u0142y w 2002 roku z cz\u0142onk\u00f3w OSP Pe\u0142czyska. Mog\u0105 pochwali\u0107 si\u0119 wieloma wyst\u0119pami w kraju i za granic\u0105, nagrali p\u0142yt\u0119, a ich repertuar prezentuje uroki regionu Ponidzia. S\u0105 jedyn\u0105 tak\u0105 formacj\u0105 ochotniczych stra\u017cak\u00f3w w Polsce CD1 (1) Skowroneczek, (2) Przyszed\u0142em z wesela, (3) Bliska moim my\u015blom, (4) Je\u015bli kogo\u015b kochasz, (5) [&hellip;]<\/p>\n","protected":false},"featured_media":3294,"template":"","meta":{"_acf_changed":false},"product_brand":[120],"product_cat":[17],"product_tag":[],"class_list":{"0":"post-3271","1":"product","2":"type-product","3":"status-publish","4":"has-post-thumbnail","6":"product_brand-zespol-strazacki-pelczynszczanie","7":"product_cat-bez-kategorii","9":"first","10":"instock","11":"shipping-taxable","12":"purchasable","13":"product-type-simple"},"acf":[],"jetpack_sharing_enabled":true,"_links":{"self":[{"href":"https:\/\/unomusicsklep.pl\/index.php?rest_route=\/wp\/v2\/product\/3271","targetHints":{"allow":["GET"]}}],"collection":[{"href":"https:\/\/unomusicsklep.pl\/index.php?rest_route=\/wp\/v2\/product"}],"about":[{"href":"https:\/\/unomusicsklep.pl\/index.php?rest_route=\/wp\/v2\/types\/product"}],"wp:featuredmedia":[{"embeddable":true,"href":"https:\/\/unomusicsklep.pl\/index.php?rest_route=\/wp\/v2\/media\/3294"}],"wp:attachment":[{"href":"https:\/\/unomusicsklep.pl\/index.php?rest_route=%2Fwp%2Fv2%2Fmedia&parent=3271"}],"wp:term":[{"taxonomy":"product_brand","embeddable":true,"href":"https:\/\/unomusicsklep.pl\/index.php?rest_route=%2Fwp%2Fv2%2Fproduct_brand&post=3271"},{"taxonomy":"product_cat","embeddable":true,"href":"https:\/\/unomusicsklep.pl\/index.php?rest_route=%2Fwp%2Fv2%2Fproduct_cat&post=3271"},{"taxonomy":"product_tag","embeddable":true,"href":"https:\/\/unomusicsklep.pl\/index.php?rest_route=%2Fwp%2Fv2%2Fproduct_tag&post=3271"}],"curies":[{"name":"wp","href":"https:\/\/api.w.org\/{rel}","templated":true}]}}