{"id":3272,"date":"2025-08-21T12:16:10","date_gmt":"2025-08-21T10:16:10","guid":{"rendered":"https:\/\/unomusic.dfirma.pl\/?product=kapela-jedrzej-kapela-jedrzej-cz-5"},"modified":"2025-08-22T17:36:39","modified_gmt":"2025-08-22T15:36:39","slug":"kapela-jedrzej-kapela-jedrzej-cz-5","status":"publish","type":"product","link":"https:\/\/unomusicsklep.pl\/?product=kapela-jedrzej-kapela-jedrzej-cz-5","title":{"rendered":"Kapela J\u0119drzej &#8211; Kapela J\u0119drzej cz.5"},"content":{"rendered":"<pre>Kapela J\u0119drzej - znanego solisty - Andrzeja S\u0142\u00f3\u017calca zawiera w swojej \r\nmuzyce tradycje technicznego sposobu grania muzyki ludowej z regionu \r\nJ\u0119drzejowskiego. Andrzej S\u0142\u00f3\u017calec to prawdziwy mi\u0142o\u015bnik muzyki ludowej. \r\nZawsze dobiera\u0142 sobie znakomitych instrumentalist\u00f3w. Ta p\u0142yta jest \r\nuk\u0142onem w kierunku muzyki tanecznej granej na weselach i zabawach.\r\n\r\nCD1 (1) W dolinie Potoka, (2) Dali tata 500, (3) Sz\u0142a borem dziewucha, (4) Murarze \u2013 Walczyk, \r\n(5) Stodola si\u0119 pali, (6) Gazeta, (7) Cygan\u0301ka, (8) Powiedz mi dziewczyno \u2013 walczyk, \r\n(9) S\u0142o\u0144ce, (10) Oberek J\u0119drzejowski, (11) Rano po rosie, (12) Jecha\u0142em przez Potok, \r\n(13) Walczyk, (14) Polka Rzeczowska, (15) Poziomek dziewuch\u0119, (16) Polka Dobczynka, \r\n(17) Oberek Cichonia, (18) Z g\u00f3ry jecho\u0142, (19) Oberek Jawora<\/pre>\n","protected":false},"excerpt":{"rendered":"<p>Kapela J\u0119drzej &#8211; znanego solisty &#8211; Andrzeja S\u0142\u00f3\u017calca zawiera w swojej muzyce tradycje technicznego sposobu grania muzyki ludowej z regionu J\u0119drzejowskiego. Andrzej S\u0142\u00f3\u017calec to prawdziwy mi\u0142o\u015bnik muzyki ludowej. Zawsze dobiera\u0142 sobie znakomitych instrumentalist\u00f3w. Ta p\u0142yta jest uk\u0142onem w kierunku muzyki tanecznej granej na weselach i zabawach. CD1 (1) W dolinie Potoka, (2) Dali tata 500, [&hellip;]<\/p>\n","protected":false},"featured_media":3292,"template":"","meta":{"_acf_changed":false},"product_brand":[100],"product_cat":[17],"product_tag":[],"class_list":{"0":"post-3272","1":"product","2":"type-product","3":"status-publish","4":"has-post-thumbnail","6":"product_brand-kapela-jedrzej","7":"product_cat-bez-kategorii","9":"first","10":"instock","11":"shipping-taxable","12":"purchasable","13":"product-type-simple"},"acf":[],"jetpack_sharing_enabled":true,"_links":{"self":[{"href":"https:\/\/unomusicsklep.pl\/index.php?rest_route=\/wp\/v2\/product\/3272","targetHints":{"allow":["GET"]}}],"collection":[{"href":"https:\/\/unomusicsklep.pl\/index.php?rest_route=\/wp\/v2\/product"}],"about":[{"href":"https:\/\/unomusicsklep.pl\/index.php?rest_route=\/wp\/v2\/types\/product"}],"wp:featuredmedia":[{"embeddable":true,"href":"https:\/\/unomusicsklep.pl\/index.php?rest_route=\/wp\/v2\/media\/3292"}],"wp:attachment":[{"href":"https:\/\/unomusicsklep.pl\/index.php?rest_route=%2Fwp%2Fv2%2Fmedia&parent=3272"}],"wp:term":[{"taxonomy":"product_brand","embeddable":true,"href":"https:\/\/unomusicsklep.pl\/index.php?rest_route=%2Fwp%2Fv2%2Fproduct_brand&post=3272"},{"taxonomy":"product_cat","embeddable":true,"href":"https:\/\/unomusicsklep.pl\/index.php?rest_route=%2Fwp%2Fv2%2Fproduct_cat&post=3272"},{"taxonomy":"product_tag","embeddable":true,"href":"https:\/\/unomusicsklep.pl\/index.php?rest_route=%2Fwp%2Fv2%2Fproduct_tag&post=3272"}],"curies":[{"name":"wp","href":"https:\/\/api.w.org\/{rel}","templated":true}]}}