{"id":3274,"date":"2025-08-21T12:16:10","date_gmt":"2025-08-21T10:16:10","guid":{"rendered":"https:\/\/unomusic.dfirma.pl\/?product=bracia-bara-bara-weselne-przeboje-na-wesolo-cz-1"},"modified":"2025-08-22T15:34:48","modified_gmt":"2025-08-22T13:34:48","slug":"bracia-bara-bara-weselne-przeboje-na-wesolo-cz-1","status":"publish","type":"product","link":"https:\/\/unomusicsklep.pl\/?product=bracia-bara-bara-weselne-przeboje-na-wesolo-cz-1","title":{"rendered":"Bracia Bara Bara &#8211; Weselne przeboje na weso\u0142o cz.1"},"content":{"rendered":"<pre>Bracia Bara Bara to legendarni muzykanci, kt\u00f3rzy \r\nbawili ca\u0142e wsie na zabawach i weselach, a ich \r\ngra zapisa\u0142a si\u0119 w pami\u0119ci najstarszych g\u00f3rali. \r\nIch wyst\u0119py owiane s\u0105 licznymi anegdotami, kiedy \r\nto wyst\u0119puj\u0105 na wielu wydarzeniach zabawiaj\u0105c go\u015bci.\r\n\r\nCD1 (1) Jak mnie ojciec \u017cyni\u0142, (2) Sz\u0142y panienki z kawiarenki, (3) Zagrajcie\u017c mi..., \r\n(4) Jad\u0105 go\u015bcie jad\u0105, (5) Niebieskie oczy, (6) Gorzo\u0142eczko moja, (7) Tyle ju\u017c s\u0142o\u0144ca, \r\n(8) Hej, od Krakowa!, (9) P\u0142yn\u0105 gitary d\u017awi\u0119ki, (10) Przy\u015bpiewka galicyjska, \r\n(11) Trzy razy kuku\u0142eczka, (12) Takie wieczory, (13) W cieniu rajskiego drzewa, \r\n(14) 16 latek, (15) Na dworze ciemno<\/pre>\n","protected":false},"excerpt":{"rendered":"<p>Bracia Bara Bara to legendarni muzykanci, kt\u00f3rzy bawili ca\u0142e wsie na zabawach i weselach, a ich gra zapisa\u0142a si\u0119 w pami\u0119ci najstarszych g\u00f3rali. Ich wyst\u0119py owiane s\u0105 licznymi anegdotami, kiedy to wyst\u0119puj\u0105 na wielu wydarzeniach zabawiaj\u0105c go\u015bci. CD1 (1) Jak mnie ojciec \u017cyni\u0142, (2) Sz\u0142y panienki z kawiarenki, (3) Zagrajcie\u017c mi&#8230;, (4) Jad\u0105 go\u015bcie jad\u0105, [&hellip;]<\/p>\n","protected":false},"featured_media":3331,"template":"","meta":{"_acf_changed":false},"product_brand":[121],"product_cat":[77,67,80],"product_tag":[],"class_list":{"0":"post-3274","1":"product","2":"type-product","3":"status-publish","4":"has-post-thumbnail","6":"product_brand-bracia-bara-bara","7":"product_cat-muzyka-biesiadna","8":"product_cat-muzyka-ludowa","9":"product_cat-muzyka-weselna","11":"first","12":"instock","13":"shipping-taxable","14":"purchasable","15":"product-type-simple"},"acf":[],"jetpack_sharing_enabled":true,"_links":{"self":[{"href":"https:\/\/unomusicsklep.pl\/index.php?rest_route=\/wp\/v2\/product\/3274","targetHints":{"allow":["GET"]}}],"collection":[{"href":"https:\/\/unomusicsklep.pl\/index.php?rest_route=\/wp\/v2\/product"}],"about":[{"href":"https:\/\/unomusicsklep.pl\/index.php?rest_route=\/wp\/v2\/types\/product"}],"wp:featuredmedia":[{"embeddable":true,"href":"https:\/\/unomusicsklep.pl\/index.php?rest_route=\/wp\/v2\/media\/3331"}],"wp:attachment":[{"href":"https:\/\/unomusicsklep.pl\/index.php?rest_route=%2Fwp%2Fv2%2Fmedia&parent=3274"}],"wp:term":[{"taxonomy":"product_brand","embeddable":true,"href":"https:\/\/unomusicsklep.pl\/index.php?rest_route=%2Fwp%2Fv2%2Fproduct_brand&post=3274"},{"taxonomy":"product_cat","embeddable":true,"href":"https:\/\/unomusicsklep.pl\/index.php?rest_route=%2Fwp%2Fv2%2Fproduct_cat&post=3274"},{"taxonomy":"product_tag","embeddable":true,"href":"https:\/\/unomusicsklep.pl\/index.php?rest_route=%2Fwp%2Fv2%2Fproduct_tag&post=3274"}],"curies":[{"name":"wp","href":"https:\/\/api.w.org\/{rel}","templated":true}]}}