{"id":3275,"date":"2025-08-21T12:16:10","date_gmt":"2025-08-21T10:16:10","guid":{"rendered":"https:\/\/unomusic.dfirma.pl\/?product=bracia-witkowscy"},"modified":"2025-08-22T15:30:01","modified_gmt":"2025-08-22T13:30:01","slug":"bracia-witkowscy","status":"publish","type":"product","link":"https:\/\/unomusicsklep.pl\/?product=bracia-witkowscy","title":{"rendered":"Bracia Witkowscy &#8211; Bracia Witkowscy cz.1"},"content":{"rendered":"<pre>Kapela braci Witkowskich to uznany zesp\u00f3\u0142 muzyk\u00f3w \r\nludowych z Opatowa, za\u0142o\u017cony przez Stanis\u0142awa \r\nWitkowskiego w 1956 roku. Jest to wyj\u0105tkowy zesp\u00f3\u0142 \r\nw kt\u00f3rem gra 5 braci. Zesp\u00f3\u0142 zdoby\u0142 s\u0142aw\u0119 w regionie \r\ni poza jego granicami, koncertuj\u0105c tak\u017ce za granic\u0105.\r\nW latach 70 wyst\u0119powali na zaproszenie presti\u017cowej \r\nFrancuskiej gazety pod Pary\u017cem. W repertuarze maj\u0105 \r\nsetki starych melodii, a ich nagrania dokumentuj\u0105 \r\nbogactwo \u015bwi\u0119tokrzyskiej tradycji muzycznej\r\n\r\nCD1 (1) Stra\u017cak, (2) Polka - \u017byd\u00f3wka, (3) Walczyk - Agata, (4) Polka - Iskra, \r\n(5) Polka - Furmani, (6) Na trawce, (7) Walczyk - Album, (8) Jad\u0105 Opatowianie, \r\n(9) Nie wszystkie, nie wszystkie, (10) Nie wszystkie kwiatki \u0142adne, (11) Nie wierz panno ch\u0142opcu, \r\n(12) \u015apiewka Stacha Witkowskiego, (13) \u015apiewka Jana Witkowskiego, (14) \u015awiatowa pospolita, \r\n(15) P\u00f3\u0142noc wybi\u0142a, (16) Marsz<\/pre>\n","protected":false},"excerpt":{"rendered":"<p>Kapela braci Witkowskich to uznany zesp\u00f3\u0142 muzyk\u00f3w ludowych z Opatowa, za\u0142o\u017cony przez Stanis\u0142awa Witkowskiego w 1956 roku. Jest to wyj\u0105tkowy zesp\u00f3\u0142 w kt\u00f3rem gra 5 braci. Zesp\u00f3\u0142 zdoby\u0142 s\u0142aw\u0119 w regionie i poza jego granicami, koncertuj\u0105c tak\u017ce za granic\u0105. W latach 70 wyst\u0119powali na zaproszenie presti\u017cowej Francuskiej gazety pod Pary\u017cem. W repertuarze maj\u0105 setki starych [&hellip;]<\/p>\n","protected":false},"featured_media":3330,"template":"","meta":{"_acf_changed":false},"product_brand":[122],"product_cat":[77,67,80],"product_tag":[],"class_list":{"0":"post-3275","1":"product","2":"type-product","3":"status-publish","4":"has-post-thumbnail","6":"product_brand-bracia-witkowscy","7":"product_cat-muzyka-biesiadna","8":"product_cat-muzyka-ludowa","9":"product_cat-muzyka-weselna","11":"first","12":"instock","13":"shipping-taxable","14":"purchasable","15":"product-type-simple"},"acf":[],"jetpack_sharing_enabled":true,"_links":{"self":[{"href":"https:\/\/unomusicsklep.pl\/index.php?rest_route=\/wp\/v2\/product\/3275","targetHints":{"allow":["GET"]}}],"collection":[{"href":"https:\/\/unomusicsklep.pl\/index.php?rest_route=\/wp\/v2\/product"}],"about":[{"href":"https:\/\/unomusicsklep.pl\/index.php?rest_route=\/wp\/v2\/types\/product"}],"wp:featuredmedia":[{"embeddable":true,"href":"https:\/\/unomusicsklep.pl\/index.php?rest_route=\/wp\/v2\/media\/3330"}],"wp:attachment":[{"href":"https:\/\/unomusicsklep.pl\/index.php?rest_route=%2Fwp%2Fv2%2Fmedia&parent=3275"}],"wp:term":[{"taxonomy":"product_brand","embeddable":true,"href":"https:\/\/unomusicsklep.pl\/index.php?rest_route=%2Fwp%2Fv2%2Fproduct_brand&post=3275"},{"taxonomy":"product_cat","embeddable":true,"href":"https:\/\/unomusicsklep.pl\/index.php?rest_route=%2Fwp%2Fv2%2Fproduct_cat&post=3275"},{"taxonomy":"product_tag","embeddable":true,"href":"https:\/\/unomusicsklep.pl\/index.php?rest_route=%2Fwp%2Fv2%2Fproduct_tag&post=3275"}],"curies":[{"name":"wp","href":"https:\/\/api.w.org\/{rel}","templated":true}]}}