{"id":3276,"date":"2025-08-21T12:16:10","date_gmt":"2025-08-21T10:16:10","guid":{"rendered":"https:\/\/unomusic.dfirma.pl\/?product=kapela-helios-biesiada-weselna-z-heliosami"},"modified":"2025-08-22T15:29:29","modified_gmt":"2025-08-22T13:29:29","slug":"kapela-helios-biesiada-weselna-z-heliosami","status":"publish","type":"product","link":"https:\/\/unomusicsklep.pl\/?product=kapela-helios-biesiada-weselna-z-heliosami","title":{"rendered":"Kapela Helios &#8211; Biesiada weselna z Heliosami"},"content":{"rendered":"<pre>Kapela Helios pochodzi z S\u0119dziszowa. Jej liderem i \r\ng\u0142\u00f3wnym tw\u00f3rc\u0105 jest akordeonista i klawiszowiec \r\nRyszard Kowalkowski, autor wi\u0119kszo\u015bci tekst\u00f3w oraz \r\nnazwy zespo\u0142u. Helios gra od lat 80., \u0142\u0105cz\u0105c muzyk\u0119 \r\ntaneczn\u0105 i lokalny folklor regionu s\u0119dziszowskiego, \r\ntworz\u0105c oryginalny i rozpoznawalny styl.\r\n\r\nCD1 (1) Wesele, (2) Ja si\u0119 nie o\u017ceni\u0119, (3) Karolina, (4) Czego\u015b mnie mamo, (5) Zabawa, \r\n(6) \u017bycie polityka, (7) Polka z\u0142odziejka, (8) Mam ja konie bure, (9) Jestem sobie studeneczka, \r\n(10) Wi\u0105zanka walczyk\u00f3w, (11) Ju\u017c nie mam nic, (12) Zielona \u0142aweczka, (13) Mi\u0142o\u015b\u0107 do Ciebie, \r\n(14) Sz\u0142a dzieweczka, (15) Biesiada z Kapel\u0105 Helios<\/pre>\n","protected":false},"excerpt":{"rendered":"<p>Kapela Helios pochodzi z S\u0119dziszowa. Jej liderem i g\u0142\u00f3wnym tw\u00f3rc\u0105 jest akordeonista i klawiszowiec Ryszard Kowalkowski, autor wi\u0119kszo\u015bci tekst\u00f3w oraz nazwy zespo\u0142u. Helios gra od lat 80., \u0142\u0105cz\u0105c muzyk\u0119 taneczn\u0105 i lokalny folklor regionu s\u0119dziszowskiego, tworz\u0105c oryginalny i rozpoznawalny styl. CD1 (1) Wesele, (2) Ja si\u0119 nie o\u017ceni\u0119, (3) Karolina, (4) Czego\u015b mnie mamo, (5) [&hellip;]<\/p>\n","protected":false},"featured_media":3327,"template":"","meta":{"_acf_changed":false},"product_brand":[103],"product_cat":[77,67,80],"product_tag":[],"class_list":{"0":"post-3276","1":"product","2":"type-product","3":"status-publish","4":"has-post-thumbnail","6":"product_brand-kapela-helios","7":"product_cat-muzyka-biesiadna","8":"product_cat-muzyka-ludowa","9":"product_cat-muzyka-weselna","11":"first","12":"instock","13":"shipping-taxable","14":"purchasable","15":"product-type-simple"},"acf":[],"jetpack_sharing_enabled":true,"_links":{"self":[{"href":"https:\/\/unomusicsklep.pl\/index.php?rest_route=\/wp\/v2\/product\/3276","targetHints":{"allow":["GET"]}}],"collection":[{"href":"https:\/\/unomusicsklep.pl\/index.php?rest_route=\/wp\/v2\/product"}],"about":[{"href":"https:\/\/unomusicsklep.pl\/index.php?rest_route=\/wp\/v2\/types\/product"}],"wp:featuredmedia":[{"embeddable":true,"href":"https:\/\/unomusicsklep.pl\/index.php?rest_route=\/wp\/v2\/media\/3327"}],"wp:attachment":[{"href":"https:\/\/unomusicsklep.pl\/index.php?rest_route=%2Fwp%2Fv2%2Fmedia&parent=3276"}],"wp:term":[{"taxonomy":"product_brand","embeddable":true,"href":"https:\/\/unomusicsklep.pl\/index.php?rest_route=%2Fwp%2Fv2%2Fproduct_brand&post=3276"},{"taxonomy":"product_cat","embeddable":true,"href":"https:\/\/unomusicsklep.pl\/index.php?rest_route=%2Fwp%2Fv2%2Fproduct_cat&post=3276"},{"taxonomy":"product_tag","embeddable":true,"href":"https:\/\/unomusicsklep.pl\/index.php?rest_route=%2Fwp%2Fv2%2Fproduct_tag&post=3276"}],"curies":[{"name":"wp","href":"https:\/\/api.w.org\/{rel}","templated":true}]}}