{"id":3277,"date":"2025-08-21T12:16:10","date_gmt":"2025-08-21T10:16:10","guid":{"rendered":"https:\/\/unomusic.dfirma.pl\/?product=rozni-wykonawcy-przeboje-na-wesolo-cz-2"},"modified":"2025-08-22T15:22:24","modified_gmt":"2025-08-22T13:22:24","slug":"rozni-wykonawcy-przeboje-na-wesolo-cz-2","status":"publish","type":"product","link":"https:\/\/unomusicsklep.pl\/?product=rozni-wykonawcy-przeboje-na-wesolo-cz-2","title":{"rendered":"R\u00f3\u017cni wykonawcy &#8211; Przeboje na weso\u0142o cz.2"},"content":{"rendered":"<pre>Jest to kompilacja zespo\u0142\u00f3w weselnych z po\u0142udnia Polski. \r\nS\u0105 to klasyczne przeboje weselne, biesiadne i ludowe \r\nw nowych ciekawych interpretacjach.\r\n\r\nCD1 (1) Hej, dziewczyno w bia\u0142ej bluzce, (2) Jak\u017cem si\u0119 zalico\u0142, (3) Jechali furmani, \r\n(4) Dziadek i Babka, (5) Za nami tyle lat, (6) Mi\u0142o\u015bci czar, (7) Czemu zdradzi\u0142e\u015b mnie, \r\n(8) Felek, (9) Zocha, (10) Cyga\u0144ski tabor, (11) Weso\u0142a Babka, (12) Wykapany tata, \r\n(13) Podrywacz, (14) Jutro b\u0119dzie za p\u00f3\u017ano, (15) Zegary w ko\u015bciele, (16) Ko\u0142o mego sadu<\/pre>\n","protected":false},"excerpt":{"rendered":"<p>Jest to kompilacja zespo\u0142\u00f3w weselnych z po\u0142udnia Polski. S\u0105 to klasyczne przeboje weselne, biesiadne i ludowe w nowych ciekawych interpretacjach. CD1 (1) Hej, dziewczyno w bia\u0142ej bluzce, (2) Jak\u017cem si\u0119 zalico\u0142, (3) Jechali furmani, (4) Dziadek i Babka, (5) Za nami tyle lat, (6) Mi\u0142o\u015bci czar, (7) Czemu zdradzi\u0142e\u015b mnie, (8) Felek, (9) Zocha, (10) [&hellip;]<\/p>\n","protected":false},"featured_media":3324,"template":"","meta":{"_acf_changed":false},"product_brand":[110],"product_cat":[77,67,80],"product_tag":[],"class_list":{"0":"post-3277","1":"product","2":"type-product","3":"status-publish","4":"has-post-thumbnail","6":"product_brand-rozni-wykonawcy","7":"product_cat-muzyka-biesiadna","8":"product_cat-muzyka-ludowa","9":"product_cat-muzyka-weselna","11":"first","12":"instock","13":"shipping-taxable","14":"purchasable","15":"product-type-simple"},"acf":[],"jetpack_sharing_enabled":true,"_links":{"self":[{"href":"https:\/\/unomusicsklep.pl\/index.php?rest_route=\/wp\/v2\/product\/3277","targetHints":{"allow":["GET"]}}],"collection":[{"href":"https:\/\/unomusicsklep.pl\/index.php?rest_route=\/wp\/v2\/product"}],"about":[{"href":"https:\/\/unomusicsklep.pl\/index.php?rest_route=\/wp\/v2\/types\/product"}],"wp:featuredmedia":[{"embeddable":true,"href":"https:\/\/unomusicsklep.pl\/index.php?rest_route=\/wp\/v2\/media\/3324"}],"wp:attachment":[{"href":"https:\/\/unomusicsklep.pl\/index.php?rest_route=%2Fwp%2Fv2%2Fmedia&parent=3277"}],"wp:term":[{"taxonomy":"product_brand","embeddable":true,"href":"https:\/\/unomusicsklep.pl\/index.php?rest_route=%2Fwp%2Fv2%2Fproduct_brand&post=3277"},{"taxonomy":"product_cat","embeddable":true,"href":"https:\/\/unomusicsklep.pl\/index.php?rest_route=%2Fwp%2Fv2%2Fproduct_cat&post=3277"},{"taxonomy":"product_tag","embeddable":true,"href":"https:\/\/unomusicsklep.pl\/index.php?rest_route=%2Fwp%2Fv2%2Fproduct_tag&post=3277"}],"curies":[{"name":"wp","href":"https:\/\/api.w.org\/{rel}","templated":true}]}}