{"id":3278,"date":"2025-08-21T12:16:10","date_gmt":"2025-08-21T10:16:10","guid":{"rendered":"https:\/\/unomusic.dfirma.pl\/?product=kapela-swietokrzyska-frywolne-przyspiewki-ludowe-i-weselne-cz-5"},"modified":"2025-08-22T15:21:36","modified_gmt":"2025-08-22T13:21:36","slug":"kapela-swietokrzyska-frywolne-przyspiewki-ludowe-i-weselne-cz-5","status":"publish","type":"product","link":"https:\/\/unomusicsklep.pl\/?product=kapela-swietokrzyska-frywolne-przyspiewki-ludowe-i-weselne-cz-5","title":{"rendered":"Kapela \u015awi\u0119tokrzyska &#8211; Frywolne przy\u015bpiewki ludowe i weselne cz.5"},"content":{"rendered":"<pre>Kapela \u015awi\u0119tokrzyska powsta\u0142a w 2002 roku z inicjatywy \r\nMariana Kwietnia. Zesp\u00f3\u0142 wykonuje muzyk\u0119 inspirowan\u0105 \r\ntradycjami regionu \u015bwi\u0119tokrzyskiego, wzbogacon\u0105 elementami \r\nmiejskich kapel podw\u00f3rkowych. Atutem grupy s\u0105 autorskie, \r\ntrafne i cz\u0119sto dowcipne teksty Aleksandry Cie\u015blak. \r\nKapela wyst\u0105pi\u0142a na ponad 200 koncertach, zdobywaj\u0105c \r\nliczne nagrody i uznanie publiczno\u015bci.\r\n\r\nCD1 (1) Pechowy Janek, (2) Wojtek, (3) Taki los, (4) Oj, rydzu m\u00f3j, (5) Polka - Rach ciach, ciach, \r\n(6) Ka\u017cdy wiek sw\u00f3j urok ma, (7) Ze\u0144 si\u0119 ch\u0142opie, (8) Jedna ma\u0142a rzecz, (9) Walczyk - Co by\u0142o potem, \r\n(10) Chcia\u0142abym, (11) Obiecanki, (12) Skara\u0142e\u015b Ty mnie Bo\u017ce, (13) Co to jest kochanie, (14) Rocznica \u015blubu, \r\n(15) Hej, hej! Kawalerowie, (16) Polka - Szczekaczka<\/pre>\n","protected":false},"excerpt":{"rendered":"<p>Kapela \u015awi\u0119tokrzyska powsta\u0142a w 2002 roku z inicjatywy Mariana Kwietnia. Zesp\u00f3\u0142 wykonuje muzyk\u0119 inspirowan\u0105 tradycjami regionu \u015bwi\u0119tokrzyskiego, wzbogacon\u0105 elementami miejskich kapel podw\u00f3rkowych. Atutem grupy s\u0105 autorskie, trafne i cz\u0119sto dowcipne teksty Aleksandry Cie\u015blak. Kapela wyst\u0105pi\u0142a na ponad 200 koncertach, zdobywaj\u0105c liczne nagrody i uznanie publiczno\u015bci. CD1 (1) Pechowy Janek, (2) Wojtek, (3) Taki los, (4) [&hellip;]<\/p>\n","protected":false},"featured_media":3322,"template":"","meta":{"_acf_changed":false},"product_brand":[87],"product_cat":[77,67,80],"product_tag":[],"class_list":{"0":"post-3278","1":"product","2":"type-product","3":"status-publish","4":"has-post-thumbnail","6":"product_brand-kapela-swietokrzyska","7":"product_cat-muzyka-biesiadna","8":"product_cat-muzyka-ludowa","9":"product_cat-muzyka-weselna","11":"first","12":"instock","13":"shipping-taxable","14":"purchasable","15":"product-type-simple"},"acf":[],"jetpack_sharing_enabled":true,"_links":{"self":[{"href":"https:\/\/unomusicsklep.pl\/index.php?rest_route=\/wp\/v2\/product\/3278","targetHints":{"allow":["GET"]}}],"collection":[{"href":"https:\/\/unomusicsklep.pl\/index.php?rest_route=\/wp\/v2\/product"}],"about":[{"href":"https:\/\/unomusicsklep.pl\/index.php?rest_route=\/wp\/v2\/types\/product"}],"wp:featuredmedia":[{"embeddable":true,"href":"https:\/\/unomusicsklep.pl\/index.php?rest_route=\/wp\/v2\/media\/3322"}],"wp:attachment":[{"href":"https:\/\/unomusicsklep.pl\/index.php?rest_route=%2Fwp%2Fv2%2Fmedia&parent=3278"}],"wp:term":[{"taxonomy":"product_brand","embeddable":true,"href":"https:\/\/unomusicsklep.pl\/index.php?rest_route=%2Fwp%2Fv2%2Fproduct_brand&post=3278"},{"taxonomy":"product_cat","embeddable":true,"href":"https:\/\/unomusicsklep.pl\/index.php?rest_route=%2Fwp%2Fv2%2Fproduct_cat&post=3278"},{"taxonomy":"product_tag","embeddable":true,"href":"https:\/\/unomusicsklep.pl\/index.php?rest_route=%2Fwp%2Fv2%2Fproduct_tag&post=3278"}],"curies":[{"name":"wp","href":"https:\/\/api.w.org\/{rel}","templated":true}]}}