{"id":3281,"date":"2025-08-21T12:16:11","date_gmt":"2025-08-21T10:16:11","guid":{"rendered":"https:\/\/unomusic.dfirma.pl\/?product=kapela-weselna-stanislawa-malickiego-kapela-weselna-stanislawa-malickiego-cz-4"},"modified":"2025-08-22T15:16:29","modified_gmt":"2025-08-22T13:16:29","slug":"kapela-weselna-stanislawa-malickiego-kapela-weselna-stanislawa-malickiego-cz-4","status":"publish","type":"product","link":"https:\/\/unomusicsklep.pl\/?product=kapela-weselna-stanislawa-malickiego-kapela-weselna-stanislawa-malickiego-cz-4","title":{"rendered":"Kapela weselna Stanis\u0142awa Malickiego &#8211; Kapela Malickiego cz.4"},"content":{"rendered":"<pre>Kapela Stanis\u0142awa Malickiego z S\u0119dziszowa to do\u015bwiadczony zesp\u00f3\u0142 \r\nz bogatym dorobkiem, \u0142\u0105cz\u0105cy wokalne i instrumentalne talenty. \r\nLider, Stanis\u0142aw Malicki, odpowiada za teksty i \u015bpiew, pokazuj\u0105c \r\nr\u00f3wnie\u017c kunszt gry na akordeonie. W sk\u0142adzie wyr\u00f3\u017cnia si\u0119 tak\u017ce \r\nGustaw Haras. Kapela prezentuje muzyk\u0119 ludow\u0105 i weseln\u0105 pe\u0142n\u0105 \r\nenergii i rado\u015bci\r\n\r\nCD1 (1) Lato, lato, (2) Polka Sta\u015bka, (3) Zakopane, Zakopane, (4) Pami\u0119tasz dziewczyno, \r\n(5) W nocy o p\u00f3\u0142nocy, (6) Polka S\u0119dzisz\u00f3w, (7) Niedaleko m\u0142yna, (8) Gdzie si\u0119 podzia\u0142 Felek, \r\n(9) Niedaleko Lubczy, (10) S\u0142onko mi \u015bwieci, (11) Na rynku w Krakowie, (12) Pracuj\u0119 na kolei, \r\n(13) Przez wiele lat, (14) Zakochany w Oli, (15) Zuzanna<\/pre>\n","protected":false},"excerpt":{"rendered":"<p>Kapela Stanis\u0142awa Malickiego z S\u0119dziszowa to do\u015bwiadczony zesp\u00f3\u0142 z bogatym dorobkiem, \u0142\u0105cz\u0105cy wokalne i instrumentalne talenty. Lider, Stanis\u0142aw Malicki, odpowiada za teksty i \u015bpiew, pokazuj\u0105c r\u00f3wnie\u017c kunszt gry na akordeonie. W sk\u0142adzie wyr\u00f3\u017cnia si\u0119 tak\u017ce Gustaw Haras. Kapela prezentuje muzyk\u0119 ludow\u0105 i weseln\u0105 pe\u0142n\u0105 energii i rado\u015bci CD1 (1) Lato, lato, (2) Polka Sta\u015bka, (3) [&hellip;]<\/p>\n","protected":false},"featured_media":3317,"template":"","meta":{"_acf_changed":false},"product_brand":[90],"product_cat":[77,67,80],"product_tag":[],"class_list":{"0":"post-3281","1":"product","2":"type-product","3":"status-publish","4":"has-post-thumbnail","6":"product_brand-kapela-weselna-stanislawa-malickiego","7":"product_cat-muzyka-biesiadna","8":"product_cat-muzyka-ludowa","9":"product_cat-muzyka-weselna","11":"first","12":"instock","13":"shipping-taxable","14":"purchasable","15":"product-type-simple"},"acf":[],"jetpack_sharing_enabled":true,"_links":{"self":[{"href":"https:\/\/unomusicsklep.pl\/index.php?rest_route=\/wp\/v2\/product\/3281","targetHints":{"allow":["GET"]}}],"collection":[{"href":"https:\/\/unomusicsklep.pl\/index.php?rest_route=\/wp\/v2\/product"}],"about":[{"href":"https:\/\/unomusicsklep.pl\/index.php?rest_route=\/wp\/v2\/types\/product"}],"wp:featuredmedia":[{"embeddable":true,"href":"https:\/\/unomusicsklep.pl\/index.php?rest_route=\/wp\/v2\/media\/3317"}],"wp:attachment":[{"href":"https:\/\/unomusicsklep.pl\/index.php?rest_route=%2Fwp%2Fv2%2Fmedia&parent=3281"}],"wp:term":[{"taxonomy":"product_brand","embeddable":true,"href":"https:\/\/unomusicsklep.pl\/index.php?rest_route=%2Fwp%2Fv2%2Fproduct_brand&post=3281"},{"taxonomy":"product_cat","embeddable":true,"href":"https:\/\/unomusicsklep.pl\/index.php?rest_route=%2Fwp%2Fv2%2Fproduct_cat&post=3281"},{"taxonomy":"product_tag","embeddable":true,"href":"https:\/\/unomusicsklep.pl\/index.php?rest_route=%2Fwp%2Fv2%2Fproduct_tag&post=3281"}],"curies":[{"name":"wp","href":"https:\/\/api.w.org\/{rel}","templated":true}]}}