{"id":3282,"date":"2025-08-21T12:16:11","date_gmt":"2025-08-21T10:16:11","guid":{"rendered":"https:\/\/unomusic.dfirma.pl\/?product=kapela-tango-kapela-weselna-andrzeja-koprowskiego-tango"},"modified":"2025-08-22T15:00:34","modified_gmt":"2025-08-22T13:00:34","slug":"kapela-tango-kapela-weselna-andrzeja-koprowskiego-tango","status":"publish","type":"product","link":"https:\/\/unomusicsklep.pl\/?product=kapela-tango-kapela-weselna-andrzeja-koprowskiego-tango","title":{"rendered":"Kapela Tango &#8211; Kapela weselna Andrzeja Koprowskiego Tango"},"content":{"rendered":"<pre>Kapela weselna Tango z regionu S\u0119dziszowskiego zosta\u0142a za\u0142o\u017cona \r\nprzez kierownika zespo\u0142u Andrzeja Koprowskiego. W sk\u0142adzie \r\nkapeli wyst\u0119powa\u0142 r\u00f3wnie\u017c sym - S\u0142awomir Koprowski, oraz takie \r\nlegendy muzyk\u00f3w ludowych jak: Edward Gola na skrzypcach, \r\nRafa\u0142 Gola na tr\u0105bce, W\u0142adek Zaj\u0105c na perkusji oraz Duraj Krzysztof \r\nna gitarze i vokalu. Na tej p\u0142ycie zawarli charakterystyzcne \r\nbrzmienie muzyki ludowej i weselnej z regionu S\u0119dziszowa i okolic\r\n\r\nCD1 (1) Tango we dwoje, (2) Polka szed\u0142em se z wesela, (3) Zielony w\u00f3z - walczyk, \r\n(4) Oberek babka z dziadkiem, (5) Powiedz mama, (6) Polka wawelska, (7) Polka od sprowy, \r\n(8) Polka Edka, (9) Nasz marsz, (10) Polka o kapeli, (11) Polka klacz, (12) Oberek instrumentalny, \r\n(13) Weselny fokstrot, (14) Fokstrot instrumentalny<\/pre>\n","protected":false},"excerpt":{"rendered":"<p>Kapela weselna Tango z regionu S\u0119dziszowskiego zosta\u0142a za\u0142o\u017cona przez kierownika zespo\u0142u Andrzeja Koprowskiego. W sk\u0142adzie kapeli wyst\u0119powa\u0142 r\u00f3wnie\u017c sym &#8211; S\u0142awomir Koprowski, oraz takie legendy muzyk\u00f3w ludowych jak: Edward Gola na skrzypcach, Rafa\u0142 Gola na tr\u0105bce, W\u0142adek Zaj\u0105c na perkusji oraz Duraj Krzysztof na gitarze i vokalu. Na tej p\u0142ycie zawarli charakterystyzcne brzmienie muzyki ludowej [&hellip;]<\/p>\n","protected":false},"featured_media":3316,"template":"","meta":{"_acf_changed":false},"product_brand":[125],"product_cat":[77,67,80],"product_tag":[],"class_list":{"0":"post-3282","1":"product","2":"type-product","3":"status-publish","4":"has-post-thumbnail","6":"product_brand-kapela-tango","7":"product_cat-muzyka-biesiadna","8":"product_cat-muzyka-ludowa","9":"product_cat-muzyka-weselna","11":"first","12":"instock","13":"shipping-taxable","14":"purchasable","15":"product-type-simple"},"acf":[],"jetpack_sharing_enabled":true,"_links":{"self":[{"href":"https:\/\/unomusicsklep.pl\/index.php?rest_route=\/wp\/v2\/product\/3282","targetHints":{"allow":["GET"]}}],"collection":[{"href":"https:\/\/unomusicsklep.pl\/index.php?rest_route=\/wp\/v2\/product"}],"about":[{"href":"https:\/\/unomusicsklep.pl\/index.php?rest_route=\/wp\/v2\/types\/product"}],"wp:featuredmedia":[{"embeddable":true,"href":"https:\/\/unomusicsklep.pl\/index.php?rest_route=\/wp\/v2\/media\/3316"}],"wp:attachment":[{"href":"https:\/\/unomusicsklep.pl\/index.php?rest_route=%2Fwp%2Fv2%2Fmedia&parent=3282"}],"wp:term":[{"taxonomy":"product_brand","embeddable":true,"href":"https:\/\/unomusicsklep.pl\/index.php?rest_route=%2Fwp%2Fv2%2Fproduct_brand&post=3282"},{"taxonomy":"product_cat","embeddable":true,"href":"https:\/\/unomusicsklep.pl\/index.php?rest_route=%2Fwp%2Fv2%2Fproduct_cat&post=3282"},{"taxonomy":"product_tag","embeddable":true,"href":"https:\/\/unomusicsklep.pl\/index.php?rest_route=%2Fwp%2Fv2%2Fproduct_tag&post=3282"}],"curies":[{"name":"wp","href":"https:\/\/api.w.org\/{rel}","templated":true}]}}