{"id":3283,"date":"2025-08-21T12:16:11","date_gmt":"2025-08-21T10:16:11","guid":{"rendered":"https:\/\/unomusic.dfirma.pl\/?product=zespol-folklorystyczny-pierzchniczanie-cz-3"},"modified":"2025-08-22T17:36:03","modified_gmt":"2025-08-22T15:36:03","slug":"zespol-folklorystyczny-pierzchniczanie-cz-3","status":"publish","type":"product","link":"https:\/\/unomusicsklep.pl\/?product=zespol-folklorystyczny-pierzchniczanie-cz-3","title":{"rendered":"Zesp\u00f3\u0142 folklorystyczny Pierzchniczanie &#8211; Zesp\u00f3\u0142 folklorystyczny Pierzchniczanie cz.3"},"content":{"rendered":"<pre>CD1 (1) Piwniczka, (2) Zagrajcie\u017c mi, (3) Chodzi\u0142em po polu, (4) Wie\u017a mnie koniku, wie\u017a (5) 10 lat min\u0119\u0142o, \r\n(6) Panna Frania, (7) Polka Laska, (8) Oberek spod Pierzchnicy, (9) Skowronek, (10) Obiecanki, \r\n(11) Andzia, Andziule\u0144ka, (12) Polka od W\u0142oszczowy, (13) Samotny le\u015bny kwiat, (14) Walczyk Stanis\u0142awa Muchy, \r\n(15) Stoi grusza w polu, (16) \u015awitat\u00f3wa spod Kielc<\/pre>\n","protected":false},"excerpt":{"rendered":"<p>CD1 (1) Piwniczka, (2) Zagrajcie\u017c mi, (3) Chodzi\u0142em po polu, (4) Wie\u017a mnie koniku, wie\u017a (5) 10 lat min\u0119\u0142o, (6) Panna Frania, (7) Polka Laska, (8) Oberek spod Pierzchnicy, (9) Skowronek, (10) Obiecanki, (11) Andzia, Andziule\u0144ka, (12) Polka od W\u0142oszczowy, (13) Samotny le\u015bny kwiat, (14) Walczyk Stanis\u0142awa Muchy, (15) Stoi grusza w polu, (16) \u015awitat\u00f3wa [&hellip;]<\/p>\n","protected":false},"featured_media":3290,"template":"","meta":{"_acf_changed":false},"product_brand":[98],"product_cat":[77,67,80],"product_tag":[],"class_list":{"0":"post-3283","1":"product","2":"type-product","3":"status-publish","4":"has-post-thumbnail","6":"product_brand-zespol-folklorystyczny-pierzchniczanie","7":"product_cat-muzyka-biesiadna","8":"product_cat-muzyka-ludowa","9":"product_cat-muzyka-weselna","11":"first","12":"instock","13":"shipping-taxable","14":"purchasable","15":"product-type-simple"},"acf":[],"jetpack_sharing_enabled":true,"_links":{"self":[{"href":"https:\/\/unomusicsklep.pl\/index.php?rest_route=\/wp\/v2\/product\/3283","targetHints":{"allow":["GET"]}}],"collection":[{"href":"https:\/\/unomusicsklep.pl\/index.php?rest_route=\/wp\/v2\/product"}],"about":[{"href":"https:\/\/unomusicsklep.pl\/index.php?rest_route=\/wp\/v2\/types\/product"}],"wp:featuredmedia":[{"embeddable":true,"href":"https:\/\/unomusicsklep.pl\/index.php?rest_route=\/wp\/v2\/media\/3290"}],"wp:attachment":[{"href":"https:\/\/unomusicsklep.pl\/index.php?rest_route=%2Fwp%2Fv2%2Fmedia&parent=3283"}],"wp:term":[{"taxonomy":"product_brand","embeddable":true,"href":"https:\/\/unomusicsklep.pl\/index.php?rest_route=%2Fwp%2Fv2%2Fproduct_brand&post=3283"},{"taxonomy":"product_cat","embeddable":true,"href":"https:\/\/unomusicsklep.pl\/index.php?rest_route=%2Fwp%2Fv2%2Fproduct_cat&post=3283"},{"taxonomy":"product_tag","embeddable":true,"href":"https:\/\/unomusicsklep.pl\/index.php?rest_route=%2Fwp%2Fv2%2Fproduct_tag&post=3283"}],"curies":[{"name":"wp","href":"https:\/\/api.w.org\/{rel}","templated":true}]}}