{"id":3284,"date":"2025-08-21T12:16:11","date_gmt":"2025-08-21T10:16:11","guid":{"rendered":"https:\/\/unomusic.dfirma.pl\/?product=kapela-hultaje-kapela-ludowa-z-krajna-hultaje"},"modified":"2025-08-22T17:36:12","modified_gmt":"2025-08-22T15:36:12","slug":"kapela-hultaje-kapela-ludowa-z-krajna-hultaje","status":"publish","type":"product","link":"https:\/\/unomusicsklep.pl\/?product=kapela-hultaje-kapela-ludowa-z-krajna-hultaje","title":{"rendered":"Kapela Hultaje &#8211; Kapela ludowa z Krajna Hultaje"},"content":{"rendered":"<pre>Kapela Hultaje to dawna kapela Andrusy. Po odej\u015bciu lidera kapeli Andrusy i za\u0142o\u017cyciela\r\nRyszarda Grudnia do pozosta\u0142ych cz\u0142onk\u00f3w kapeli do\u0142\u0105czyli: Natalia Zieli\u0144ska - \u015bpiew, \r\nGabriel Maj - skrzypce, bas, Zenon Zieli\u0144ski - akordeon oraz Grzegorz Kaleta - b\u0119ben.\r\nWzbogaci\u0142o to brzmienie kapeli o nowe instrumenty. Kapela przez pewien okres czasu\r\nwyst\u0119powa\u0142a w tym sk\u0142adzie, a tak\u017ce nagra\u0142a t\u0119 p\u0142yt\u0119\r\n\r\nCD1 (1) Pijoczysko, (2) Polka Kraje\u0144ska, (3) Poprzez ciemny las, (4) W moim ogr\u00f3deczku, \r\n(5) Serce me zabra\u0142a\u015b, (6) Kielecczanka, (7) Oberek Ga\u0142\u0105zka, (8) Moja \u017cona w kraju, \r\n(9) Polka - Czy jo \u017cem pijany, (10) B\u0142\u0119kitny akordeon, (11) Mio\u0142em dziewczyn\u0119 od Wodziejowic, \r\n(12) Wszystko si\u0119 zytko, (13) Oberek klonowy, (14) Foxtrot, (15) Stoi grusza<\/pre>\n","protected":false},"excerpt":{"rendered":"<p>Kapela Hultaje to dawna kapela Andrusy. Po odej\u015bciu lidera kapeli Andrusy i za\u0142o\u017cyciela Ryszarda Grudnia do pozosta\u0142ych cz\u0142onk\u00f3w kapeli do\u0142\u0105czyli: Natalia Zieli\u0144ska &#8211; \u015bpiew, Gabriel Maj &#8211; skrzypce, bas, Zenon Zieli\u0144ski &#8211; akordeon oraz Grzegorz Kaleta &#8211; b\u0119ben. Wzbogaci\u0142o to brzmienie kapeli o nowe instrumenty. Kapela przez pewien okres czasu wyst\u0119powa\u0142a w tym sk\u0142adzie, a [&hellip;]<\/p>\n","protected":false},"featured_media":3288,"template":"","meta":{"_acf_changed":false},"product_brand":[126],"product_cat":[77,67,80],"product_tag":[],"class_list":{"0":"post-3284","1":"product","2":"type-product","3":"status-publish","4":"has-post-thumbnail","6":"product_brand-kapela-hultaje","7":"product_cat-muzyka-biesiadna","8":"product_cat-muzyka-ludowa","9":"product_cat-muzyka-weselna","11":"first","12":"instock","13":"shipping-taxable","14":"purchasable","15":"product-type-simple"},"acf":[],"jetpack_sharing_enabled":true,"_links":{"self":[{"href":"https:\/\/unomusicsklep.pl\/index.php?rest_route=\/wp\/v2\/product\/3284","targetHints":{"allow":["GET"]}}],"collection":[{"href":"https:\/\/unomusicsklep.pl\/index.php?rest_route=\/wp\/v2\/product"}],"about":[{"href":"https:\/\/unomusicsklep.pl\/index.php?rest_route=\/wp\/v2\/types\/product"}],"wp:featuredmedia":[{"embeddable":true,"href":"https:\/\/unomusicsklep.pl\/index.php?rest_route=\/wp\/v2\/media\/3288"}],"wp:attachment":[{"href":"https:\/\/unomusicsklep.pl\/index.php?rest_route=%2Fwp%2Fv2%2Fmedia&parent=3284"}],"wp:term":[{"taxonomy":"product_brand","embeddable":true,"href":"https:\/\/unomusicsklep.pl\/index.php?rest_route=%2Fwp%2Fv2%2Fproduct_brand&post=3284"},{"taxonomy":"product_cat","embeddable":true,"href":"https:\/\/unomusicsklep.pl\/index.php?rest_route=%2Fwp%2Fv2%2Fproduct_cat&post=3284"},{"taxonomy":"product_tag","embeddable":true,"href":"https:\/\/unomusicsklep.pl\/index.php?rest_route=%2Fwp%2Fv2%2Fproduct_tag&post=3284"}],"curies":[{"name":"wp","href":"https:\/\/api.w.org\/{rel}","templated":true}]}}