{"id":3360,"date":"2025-08-22T17:45:55","date_gmt":"2025-08-22T15:45:55","guid":{"rendered":"https:\/\/unomusic.dfirma.pl\/?product=kapela-hanka-kapela-hanka-z-malogoszczy-cz-2"},"modified":"2025-08-22T17:53:35","modified_gmt":"2025-08-22T15:53:35","slug":"kapela-hanka-kapela-hanka-z-malogoszczy-cz-2","status":"publish","type":"product","link":"https:\/\/unomusicsklep.pl\/?product=kapela-hanka-kapela-hanka-z-malogoszczy-cz-2","title":{"rendered":"Kapela He\u0144ka z Ma\u0142ogoszczy cz.2"},"content":{"rendered":"<pre>Kapela He\u0144ka z Ma\u0142ogoszcza to jeden z czo\u0142owych \r\nzespo\u0142\u00f3w ludowych wojew\u00f3dztwa \u015bwi\u0119tokrzyskiego. \r\nPowsta\u0142a z po\u0142\u0105czenia dw\u00f3ch kapel, a solistk\u0105 \r\njest Monika Walas. Wielokrotnie nagradzana w \r\nBuskich Spotkaniach z Folklorem i innych \r\npresti\u017cowych konkursach. Ma na koncie wiele \r\nutwor\u00f3w docenianych przez fan\u00f3w muzyki ludowej.\r\n\r\nCD1 (1) Wczoraj by\u0142a niedziela, (2) Oj, zagram mi muzyko, (3) Sz\u0142a sobie dziewczyna, (4) A Ty siwy go\u0142\u0105bku, \r\n(5) Walc - instrumentalny, (6) Dziewczyny, dziewczyny, (7) Dolo, moja dolo, (8) Na tej le\u015bnej dr\u00f3\u017cynie, \r\n(9) Mia\u0142am ja czarne oczka, (10) Pojad\u0119, pojad\u0119, (11) Chodzi\u0142em po polu, (12) Oberek spod Ma\u0142ogoszcza, \r\n(13) Z \u0142\u0105czki na \u0142\u0105czk\u0119, (14) Corno jo se corno, (15) Ca\u0142owa\u0107 to nie grzech, (16) Po szerokiej wodzie, \r\n(17) Wysz\u0142a chmura<\/pre>\n","protected":false},"excerpt":{"rendered":"<p>Kapela He\u0144ka z Ma\u0142ogoszcza to jeden z czo\u0142owych zespo\u0142\u00f3w ludowych wojew\u00f3dztwa \u015bwi\u0119tokrzyskiego. Powsta\u0142a z po\u0142\u0105czenia dw\u00f3ch kapel, a solistk\u0105 jest Monika Walas. Wielokrotnie nagradzana w Buskich Spotkaniach z Folklorem i innych presti\u017cowych konkursach. Ma na koncie wiele utwor\u00f3w docenianych przez fan\u00f3w muzyki ludowej. CD1 (1) Wczoraj by\u0142a niedziela, (2) Oj, zagram mi muzyko, (3) Sz\u0142a [&hellip;]<\/p>\n","protected":false},"featured_media":3382,"template":"","meta":{"_acf_changed":false},"product_brand":[116],"product_cat":[77,67,80],"product_tag":[],"class_list":{"0":"post-3360","1":"product","2":"type-product","3":"status-publish","4":"has-post-thumbnail","6":"product_brand-kapela-hanka-z-malogoszczy","7":"product_cat-muzyka-biesiadna","8":"product_cat-muzyka-ludowa","9":"product_cat-muzyka-weselna","11":"first","12":"instock","13":"shipping-taxable","14":"purchasable","15":"product-type-simple"},"acf":[],"jetpack_sharing_enabled":true,"_links":{"self":[{"href":"https:\/\/unomusicsklep.pl\/index.php?rest_route=\/wp\/v2\/product\/3360","targetHints":{"allow":["GET"]}}],"collection":[{"href":"https:\/\/unomusicsklep.pl\/index.php?rest_route=\/wp\/v2\/product"}],"about":[{"href":"https:\/\/unomusicsklep.pl\/index.php?rest_route=\/wp\/v2\/types\/product"}],"wp:featuredmedia":[{"embeddable":true,"href":"https:\/\/unomusicsklep.pl\/index.php?rest_route=\/wp\/v2\/media\/3382"}],"wp:attachment":[{"href":"https:\/\/unomusicsklep.pl\/index.php?rest_route=%2Fwp%2Fv2%2Fmedia&parent=3360"}],"wp:term":[{"taxonomy":"product_brand","embeddable":true,"href":"https:\/\/unomusicsklep.pl\/index.php?rest_route=%2Fwp%2Fv2%2Fproduct_brand&post=3360"},{"taxonomy":"product_cat","embeddable":true,"href":"https:\/\/unomusicsklep.pl\/index.php?rest_route=%2Fwp%2Fv2%2Fproduct_cat&post=3360"},{"taxonomy":"product_tag","embeddable":true,"href":"https:\/\/unomusicsklep.pl\/index.php?rest_route=%2Fwp%2Fv2%2Fproduct_tag&post=3360"}],"curies":[{"name":"wp","href":"https:\/\/api.w.org\/{rel}","templated":true}]}}