{"id":3362,"date":"2025-08-22T17:45:56","date_gmt":"2025-08-22T15:45:56","guid":{"rendered":"https:\/\/unomusic.dfirma.pl\/?product=rodzinna-kapela-wierzbow"},"modified":"2025-08-22T17:53:05","modified_gmt":"2025-08-22T15:53:05","slug":"rodzinna-kapela-wierzbow","status":"publish","type":"product","link":"https:\/\/unomusicsklep.pl\/?product=rodzinna-kapela-wierzbow","title":{"rendered":"Rodzinna kapela Wierzb\u00f3w z Byczowa cz.1"},"content":{"rendered":"<pre>Rodzinna Kapela Wierzb\u00f3w to wsp\u00f3lny projekt S\u0142awomira \r\noraz jego syn\u00f3w Piotra i Paw\u0142a. Wszyscy znani s\u0105 z \r\nzami\u0142owania do muzyki ludowej, szczeg\u00f3lnie tej ze \r\n\u015awi\u0119tokrzyskiego. W ich rodzinie tradycje muzyczne \r\nsi\u0119gaj\u0105 kilku pokole\u0144 \u2013 dziadkowie i pradziadkowie \r\nr\u00f3wnie\u017c grali na instrumentach. Cz\u0142onkowie kapeli \r\ngraj\u0105 razem rzadko, poniewa\u017c wyst\u0119puj\u0105 te\u017c w innych \r\nzespo\u0142ach, ale ich wsp\u00f3lne spotkania to zawsze rado\u015b\u0107 \r\ni pokaz umiej\u0119tno\u015bci. S\u0142awomir inspiruje m\u0142odsze pokolenie, \r\na razem wyst\u0119powali m.in. z takimi muzykami, jak Adam Kocerba \r\nczy Stefan Wyczynski. Kapela w swojej dzia\u0142alno\u015bci k\u0142adzie nacisk \r\nna rodzinno\u015b\u0107 i tradycj\u0119.\r\n\r\nCD1 (1) Mio\u0142em jo babine, (2) Pasyjata, (3) Polka Kawaler, (4) Strzeli\u0142bym wysoko, \r\n(5) Panna Frania, (6) \u017belazna trumna, (7) Jak masz \u0142adn\u0105 \u017con\u0119, (8) Marsz od Pi\u0144czowa, \r\n(9) Polka grana, (10) Przy ksi\u0119\u017cycu, (11) Polka z Byczowa, (12) Tango Bajka, \r\n(13) Przy kominku, (14) \u015awie\u0107 ksi\u0119\u017cycu, (15) Walc Dobranoc<\/pre>\n","protected":false},"excerpt":{"rendered":"<p>Rodzinna Kapela Wierzb\u00f3w to wsp\u00f3lny projekt S\u0142awomira oraz jego syn\u00f3w Piotra i Paw\u0142a. Wszyscy znani s\u0105 z zami\u0142owania do muzyki ludowej, szczeg\u00f3lnie tej ze \u015awi\u0119tokrzyskiego. W ich rodzinie tradycje muzyczne si\u0119gaj\u0105 kilku pokole\u0144 \u2013 dziadkowie i pradziadkowie r\u00f3wnie\u017c grali na instrumentach. Cz\u0142onkowie kapeli graj\u0105 razem rzadko, poniewa\u017c wyst\u0119puj\u0105 te\u017c w innych zespo\u0142ach, ale ich wsp\u00f3lne [&hellip;]<\/p>\n","protected":false},"featured_media":3387,"template":"","meta":{"_acf_changed":false},"product_brand":[130],"product_cat":[77,67,80],"product_tag":[],"class_list":{"0":"post-3362","1":"product","2":"type-product","3":"status-publish","4":"has-post-thumbnail","6":"product_brand-rodzinna-kapela-wierzbow","7":"product_cat-muzyka-biesiadna","8":"product_cat-muzyka-ludowa","9":"product_cat-muzyka-weselna","11":"first","12":"instock","13":"shipping-taxable","14":"purchasable","15":"product-type-simple"},"acf":[],"jetpack_sharing_enabled":true,"_links":{"self":[{"href":"https:\/\/unomusicsklep.pl\/index.php?rest_route=\/wp\/v2\/product\/3362","targetHints":{"allow":["GET"]}}],"collection":[{"href":"https:\/\/unomusicsklep.pl\/index.php?rest_route=\/wp\/v2\/product"}],"about":[{"href":"https:\/\/unomusicsklep.pl\/index.php?rest_route=\/wp\/v2\/types\/product"}],"wp:featuredmedia":[{"embeddable":true,"href":"https:\/\/unomusicsklep.pl\/index.php?rest_route=\/wp\/v2\/media\/3387"}],"wp:attachment":[{"href":"https:\/\/unomusicsklep.pl\/index.php?rest_route=%2Fwp%2Fv2%2Fmedia&parent=3362"}],"wp:term":[{"taxonomy":"product_brand","embeddable":true,"href":"https:\/\/unomusicsklep.pl\/index.php?rest_route=%2Fwp%2Fv2%2Fproduct_brand&post=3362"},{"taxonomy":"product_cat","embeddable":true,"href":"https:\/\/unomusicsklep.pl\/index.php?rest_route=%2Fwp%2Fv2%2Fproduct_cat&post=3362"},{"taxonomy":"product_tag","embeddable":true,"href":"https:\/\/unomusicsklep.pl\/index.php?rest_route=%2Fwp%2Fv2%2Fproduct_tag&post=3362"}],"curies":[{"name":"wp","href":"https:\/\/api.w.org\/{rel}","templated":true}]}}