{"id":3363,"date":"2025-08-22T17:45:56","date_gmt":"2025-08-22T15:45:56","guid":{"rendered":"https:\/\/unomusic.dfirma.pl\/?product=kapela-od-polanca-wszyscy-razem-sie-bawimy"},"modified":"2025-08-22T17:54:18","modified_gmt":"2025-08-22T15:54:18","slug":"kapela-od-polanca-wszyscy-razem-sie-bawimy","status":"publish","type":"product","link":"https:\/\/unomusicsklep.pl\/?product=kapela-od-polanca-wszyscy-razem-sie-bawimy","title":{"rendered":"Kapela od Pola\u0144ca &#8211; Wszyscy razem si\u0119 bawimy"},"content":{"rendered":"<pre>Kapela od Pola\u0144ca powsta\u0142a w 2014 roku z misj\u0105 \r\nocalenia od zapomnienia tradycyjnych melodii i \r\nprzy\u015bpiewek z regionu Polanieckiego i Nadwi\u015bla\u0144skiego. \r\nCz\u0142onkowie z sukcesami wyst\u0119puj\u0105 na przegl\u0105dach kapel, \r\nzdobywaj\u0105c wiele nagr\u00f3d. Ich muzyka to nieod\u0142\u0105czny element \r\nlokalnych imprez i pota\u0144c\u00f3wek.\r\n\r\nCD1 (1) Winko pij\u0119, (2) Polka Jarka, (3) Polka \u201eBracia kibice\u201d, (4) Wszyscy razem si\u0119 bawimy, \r\n(5) Daj buzi, daj!, (6) Kawalerem ja by\u0142em, (7) Polka To\u015bka, (8) Walc \u201eNad brzegiem Wis\u0142y\u201d, \r\n(9) Wie\u017a mnie koniku wie\u017a, (10) M\u00f3j Bo\u017ce kochany, (11) Rumpaj cyganie, (12) Nieszcz\u0119\u015bliwi chrzestni, \r\n(13) Polka tenorzysty, (14) Walc od \u017b\u0119bina, (15) Rajski ptak, (16) Walc od Po\u0142a\u0144ca<\/pre>\n","protected":false},"excerpt":{"rendered":"<p>Kapela od Pola\u0144ca powsta\u0142a w 2014 roku z misj\u0105 ocalenia od zapomnienia tradycyjnych melodii i przy\u015bpiewek z regionu Polanieckiego i Nadwi\u015bla\u0144skiego. Cz\u0142onkowie z sukcesami wyst\u0119puj\u0105 na przegl\u0105dach kapel, zdobywaj\u0105c wiele nagr\u00f3d. Ich muzyka to nieod\u0142\u0105czny element lokalnych imprez i pota\u0144c\u00f3wek. CD1 (1) Winko pij\u0119, (2) Polka Jarka, (3) Polka \u201eBracia kibice\u201d, (4) Wszyscy razem si\u0119 [&hellip;]<\/p>\n","protected":false},"featured_media":3388,"template":"","meta":{"_acf_changed":false},"product_brand":[131],"product_cat":[77,67,80],"product_tag":[],"class_list":{"0":"post-3363","1":"product","2":"type-product","3":"status-publish","4":"has-post-thumbnail","6":"product_brand-kapela-od-polanca","7":"product_cat-muzyka-biesiadna","8":"product_cat-muzyka-ludowa","9":"product_cat-muzyka-weselna","11":"first","12":"instock","13":"shipping-taxable","14":"purchasable","15":"product-type-simple"},"acf":[],"jetpack_sharing_enabled":true,"_links":{"self":[{"href":"https:\/\/unomusicsklep.pl\/index.php?rest_route=\/wp\/v2\/product\/3363","targetHints":{"allow":["GET"]}}],"collection":[{"href":"https:\/\/unomusicsklep.pl\/index.php?rest_route=\/wp\/v2\/product"}],"about":[{"href":"https:\/\/unomusicsklep.pl\/index.php?rest_route=\/wp\/v2\/types\/product"}],"wp:featuredmedia":[{"embeddable":true,"href":"https:\/\/unomusicsklep.pl\/index.php?rest_route=\/wp\/v2\/media\/3388"}],"wp:attachment":[{"href":"https:\/\/unomusicsklep.pl\/index.php?rest_route=%2Fwp%2Fv2%2Fmedia&parent=3363"}],"wp:term":[{"taxonomy":"product_brand","embeddable":true,"href":"https:\/\/unomusicsklep.pl\/index.php?rest_route=%2Fwp%2Fv2%2Fproduct_brand&post=3363"},{"taxonomy":"product_cat","embeddable":true,"href":"https:\/\/unomusicsklep.pl\/index.php?rest_route=%2Fwp%2Fv2%2Fproduct_cat&post=3363"},{"taxonomy":"product_tag","embeddable":true,"href":"https:\/\/unomusicsklep.pl\/index.php?rest_route=%2Fwp%2Fv2%2Fproduct_tag&post=3363"}],"curies":[{"name":"wp","href":"https:\/\/api.w.org\/{rel}","templated":true}]}}