{"id":3364,"date":"2025-08-22T17:45:56","date_gmt":"2025-08-22T15:45:56","guid":{"rendered":"https:\/\/unomusic.dfirma.pl\/?product=kapela-adalski"},"modified":"2025-08-22T17:57:05","modified_gmt":"2025-08-22T15:57:05","slug":"kapela-adalski","status":"publish","type":"product","link":"https:\/\/unomusicsklep.pl\/?product=kapela-adalski","title":{"rendered":"Kapela Ada\u015bki cz.3"},"content":{"rendered":"<pre>Kapel\u0119 \u201eAda\u015bki\u201d tworz\u0105 do\u015bwiadczeni muzycy, wi\u0119kszo\u015b\u0107 \r\nz nich gra razem ju\u017c od wielu lat. Zesp\u00f3\u0142 s\u0142ynie z \r\nenergii, humoru i muzycznej zadziorno\u015bci. Ich granie \r\nprzypomina dawny styl zabaw i wesel ze \u015awi\u0119tokrzyskiego \r\n\u2013 potrafi\u0105 bawi\u0107 muzyk\u0105 przez ca\u0142\u0105 noc. Repertuar kapeli \r\nobejmuje polki, oberki, foxtroty, walczyki i tanga, a ich \r\nstyl wywodzi si\u0119 z tradycji podw\u00f3rkowych kapel i jest \r\ng\u0142\u0119boko zakorzeniony w muzyce wiejskiej regionu. Muzyka \r\nAda\u015bk\u00f3w to nie tylko d\u017awi\u0119ki \u2013 to przekaz rado\u015bci \u017cycia \r\ni tradycyjnej zabawy\r\n\r\nCD1 (1) Wojskowy kazaczek, (2) Foxtrot Ada\u015bk\u00f3w, (3) \u015awi\u0119tokrzyskie tango, (4) Amigo, \r\n(5) Walczyk \u2013 nigdzie na \u015bwiecie, (6) Kasiu, Kasiu, (7) Polka Ada\u015bk\u00f3w, (8) Oberek Witkowskich, \r\n(9) Gdzie moja kraina, (10) Zach\u00f3d s\u0142o\u0144ca, (11) Foxtrot \u2013 starych nie ma, b\u0119dzie bal, \r\n(12) Pogodny wiecz\u00f3r, (13) Walczyk Witkowskich, (14) Oberek Majtyki, (15) Polka \u201eZo\u015bka\u201d<\/pre>\n","protected":false},"excerpt":{"rendered":"<p>Kapel\u0119 \u201eAda\u015bki\u201d tworz\u0105 do\u015bwiadczeni muzycy, wi\u0119kszo\u015b\u0107 z nich gra razem ju\u017c od wielu lat. Zesp\u00f3\u0142 s\u0142ynie z energii, humoru i muzycznej zadziorno\u015bci. Ich granie przypomina dawny styl zabaw i wesel ze \u015awi\u0119tokrzyskiego \u2013 potrafi\u0105 bawi\u0107 muzyk\u0105 przez ca\u0142\u0105 noc. Repertuar kapeli obejmuje polki, oberki, foxtroty, walczyki i tanga, a ich styl wywodzi si\u0119 z tradycji [&hellip;]<\/p>\n","protected":false},"featured_media":3390,"template":"","meta":{"_acf_changed":false},"product_brand":[132],"product_cat":[77,67,80],"product_tag":[],"class_list":{"0":"post-3364","1":"product","2":"type-product","3":"status-publish","4":"has-post-thumbnail","6":"product_brand-kapela-adalski","7":"product_cat-muzyka-biesiadna","8":"product_cat-muzyka-ludowa","9":"product_cat-muzyka-weselna","11":"first","12":"instock","13":"shipping-taxable","14":"purchasable","15":"product-type-simple"},"acf":[],"jetpack_sharing_enabled":true,"_links":{"self":[{"href":"https:\/\/unomusicsklep.pl\/index.php?rest_route=\/wp\/v2\/product\/3364","targetHints":{"allow":["GET"]}}],"collection":[{"href":"https:\/\/unomusicsklep.pl\/index.php?rest_route=\/wp\/v2\/product"}],"about":[{"href":"https:\/\/unomusicsklep.pl\/index.php?rest_route=\/wp\/v2\/types\/product"}],"wp:featuredmedia":[{"embeddable":true,"href":"https:\/\/unomusicsklep.pl\/index.php?rest_route=\/wp\/v2\/media\/3390"}],"wp:attachment":[{"href":"https:\/\/unomusicsklep.pl\/index.php?rest_route=%2Fwp%2Fv2%2Fmedia&parent=3364"}],"wp:term":[{"taxonomy":"product_brand","embeddable":true,"href":"https:\/\/unomusicsklep.pl\/index.php?rest_route=%2Fwp%2Fv2%2Fproduct_brand&post=3364"},{"taxonomy":"product_cat","embeddable":true,"href":"https:\/\/unomusicsklep.pl\/index.php?rest_route=%2Fwp%2Fv2%2Fproduct_cat&post=3364"},{"taxonomy":"product_tag","embeddable":true,"href":"https:\/\/unomusicsklep.pl\/index.php?rest_route=%2Fwp%2Fv2%2Fproduct_tag&post=3364"}],"curies":[{"name":"wp","href":"https:\/\/api.w.org\/{rel}","templated":true}]}}