{"id":3365,"date":"2025-08-22T17:45:57","date_gmt":"2025-08-22T15:45:57","guid":{"rendered":"https:\/\/unomusic.dfirma.pl\/?product=zespol-szarotka-szalony-zakochany"},"modified":"2025-08-22T17:58:05","modified_gmt":"2025-08-22T15:58:05","slug":"zespol-szarotka-szalony-zakochany","status":"publish","type":"product","link":"https:\/\/unomusicsklep.pl\/?product=zespol-szarotka-szalony-zakochany","title":{"rendered":"Zesp\u00f3\u0142 Szarotka &#8211; Szalony Zakochany"},"content":{"rendered":"<pre>Zesp\u00f3\u0142 Szarotki nagrywa muzyk\u0119 utrzyman\u0105 w stylu disco, \r\nsi\u0119gaj\u0105c zar\u00f3wno po w\u0142asne kompozycje, jak i melodie \r\nludowe w autorskich aran\u017cacjac.S\u0142uchacze mog\u0105 us\u0142ysze\u0107 \r\nzar\u00f3wno nowe utwory, jak i reinterpretacje tradycyjnych \r\nmelodii. Szarotki promuj\u0105 rodzinno\u015b\u0107 i dobr\u0105 zabaw\u0119, \r\nwierz\u0105c, \u017ce muzyka \u0142\u0105czy pokolenia\r\n\r\nCD1 (1) On zimny ona gor\u0105ca, (2) Pi\u0119kne oczy, (3) Szalony zakochany, (4) Tylko chwila, \r\n(5) Kareta z\u0142ota, (6) To Ty pierwsza nauczy\u0142a\u015b mnie mi\u0142o\u015bci, (7) Kiedy dwoje nas chce, \r\n(8) Zagubiona, (9) Za nami tyle lat, (10) Osiemnastolatka, (11) Chod\u017a male\u0144ka, \r\n(12) Cofn\u0105\u0107 czas, (13) Dla nas ta noc jest, (14) Jeste\u015b moim anio\u0142em, (15) Kiedy razem, \r\n(16) Rewolucja<\/pre>\n","protected":false},"excerpt":{"rendered":"<p>Zesp\u00f3\u0142 Szarotki nagrywa muzyk\u0119 utrzyman\u0105 w stylu disco, si\u0119gaj\u0105c zar\u00f3wno po w\u0142asne kompozycje, jak i melodie ludowe w autorskich aran\u017cacjac.S\u0142uchacze mog\u0105 us\u0142ysze\u0107 zar\u00f3wno nowe utwory, jak i reinterpretacje tradycyjnych melodii. Szarotki promuj\u0105 rodzinno\u015b\u0107 i dobr\u0105 zabaw\u0119, wierz\u0105c, \u017ce muzyka \u0142\u0105czy pokolenia CD1 (1) On zimny ona gor\u0105ca, (2) Pi\u0119kne oczy, (3) Szalony zakochany, (4) Tylko [&hellip;]<\/p>\n","protected":false},"featured_media":3391,"template":"","meta":{"_acf_changed":false},"product_brand":[133],"product_cat":[77,67,80],"product_tag":[],"class_list":{"0":"post-3365","1":"product","2":"type-product","3":"status-publish","4":"has-post-thumbnail","6":"product_brand-zespol-szarotka","7":"product_cat-muzyka-biesiadna","8":"product_cat-muzyka-ludowa","9":"product_cat-muzyka-weselna","11":"first","12":"instock","13":"shipping-taxable","14":"purchasable","15":"product-type-simple"},"acf":[],"jetpack_sharing_enabled":true,"_links":{"self":[{"href":"https:\/\/unomusicsklep.pl\/index.php?rest_route=\/wp\/v2\/product\/3365","targetHints":{"allow":["GET"]}}],"collection":[{"href":"https:\/\/unomusicsklep.pl\/index.php?rest_route=\/wp\/v2\/product"}],"about":[{"href":"https:\/\/unomusicsklep.pl\/index.php?rest_route=\/wp\/v2\/types\/product"}],"wp:featuredmedia":[{"embeddable":true,"href":"https:\/\/unomusicsklep.pl\/index.php?rest_route=\/wp\/v2\/media\/3391"}],"wp:attachment":[{"href":"https:\/\/unomusicsklep.pl\/index.php?rest_route=%2Fwp%2Fv2%2Fmedia&parent=3365"}],"wp:term":[{"taxonomy":"product_brand","embeddable":true,"href":"https:\/\/unomusicsklep.pl\/index.php?rest_route=%2Fwp%2Fv2%2Fproduct_brand&post=3365"},{"taxonomy":"product_cat","embeddable":true,"href":"https:\/\/unomusicsklep.pl\/index.php?rest_route=%2Fwp%2Fv2%2Fproduct_cat&post=3365"},{"taxonomy":"product_tag","embeddable":true,"href":"https:\/\/unomusicsklep.pl\/index.php?rest_route=%2Fwp%2Fv2%2Fproduct_tag&post=3365"}],"curies":[{"name":"wp","href":"https:\/\/api.w.org\/{rel}","templated":true}]}}