{"id":3368,"date":"2025-08-22T17:45:57","date_gmt":"2025-08-22T15:45:57","guid":{"rendered":"https:\/\/unomusic.dfirma.pl\/?product=zespol-impress-z-zespolem-impress"},"modified":"2025-08-22T18:07:12","modified_gmt":"2025-08-22T16:07:12","slug":"zespol-impress-z-zespolem-impress","status":"publish","type":"product","link":"https:\/\/unomusicsklep.pl\/?product=zespol-impress-z-zespolem-impress","title":{"rendered":"Zesp\u00f3\u0142 IMPRESS &#8211; Imprezka z zespo\u0142em Impress"},"content":{"rendered":"<pre>IMPRESS to zesp\u00f3\u0142 muzyczny z S\u0119dziszowic w wojew\u00f3dztwie \r\n\u015bwi\u0119tokrzyskim, kt\u00f3rego liderem i za\u0142o\u017cycielem jest \r\nJaros\u0142aw Nied\u017awied\u017a. Grupa specjalizuje si\u0119 w muzyce \r\ntanecznej, disco polo oraz popularnych polskich i \r\nzagranicznych coverach. Impress powsta\u0142 jako zesp\u00f3\u0142 \r\nweselny, a obecnie regularnie gra koncerty, zapewniaj\u0105c \r\nprofesjonalne nag\u0142o\u015bnienie, w\u0142asne aran\u017cacje i szeroki \r\nrepertuar. Jaros\u0142aw Nied\u017awied\u017a odpowiada za muzyk\u0119, \r\naran\u017cacj\u0119 oraz realizacj\u0119 nagra\u0144 zespo\u0142u\r\n\r\nCD1 (1) A ja t\u0119skni\u0119, (2) Impress dla was gra, (3) Przyjdzie wiosna, (4) Ma\u0142a dziurka, \r\n(5) Na dobre i na z\u0142e, (6) Bo ja kocham, (7) Obiecuj\u0119 ci, (8) Wianek, (9) Bez ciebie, \r\n(10) Szalona blondyneczka, (11) Nim sko\u0144czy si\u0119 noc, (12) Wspomnienia, (13) Milion gwiazd, \r\n(14) Dziewcz\u0119 z Podhala, (15) Malowane dziewcz\u0119<\/pre>\n","protected":false},"excerpt":{"rendered":"<p>IMPRESS to zesp\u00f3\u0142 muzyczny z S\u0119dziszowic w wojew\u00f3dztwie \u015bwi\u0119tokrzyskim, kt\u00f3rego liderem i za\u0142o\u017cycielem jest Jaros\u0142aw Nied\u017awied\u017a. Grupa specjalizuje si\u0119 w muzyce tanecznej, disco polo oraz popularnych polskich i zagranicznych coverach. Impress powsta\u0142 jako zesp\u00f3\u0142 weselny, a obecnie regularnie gra koncerty, zapewniaj\u0105c profesjonalne nag\u0142o\u015bnienie, w\u0142asne aran\u017cacje i szeroki repertuar. Jaros\u0142aw Nied\u017awied\u017a odpowiada za muzyk\u0119, aran\u017cacj\u0119 oraz [&hellip;]<\/p>\n","protected":false},"featured_media":3395,"template":"","meta":{"_acf_changed":false},"product_brand":[102],"product_cat":[77,78,80],"product_tag":[],"class_list":{"0":"post-3368","1":"product","2":"type-product","3":"status-publish","4":"has-post-thumbnail","6":"product_brand-zespol-impress","7":"product_cat-muzyka-biesiadna","8":"product_cat-muzyka-dance","9":"product_cat-muzyka-weselna","11":"first","12":"instock","13":"shipping-taxable","14":"purchasable","15":"product-type-simple"},"acf":[],"jetpack_sharing_enabled":true,"_links":{"self":[{"href":"https:\/\/unomusicsklep.pl\/index.php?rest_route=\/wp\/v2\/product\/3368","targetHints":{"allow":["GET"]}}],"collection":[{"href":"https:\/\/unomusicsklep.pl\/index.php?rest_route=\/wp\/v2\/product"}],"about":[{"href":"https:\/\/unomusicsklep.pl\/index.php?rest_route=\/wp\/v2\/types\/product"}],"wp:featuredmedia":[{"embeddable":true,"href":"https:\/\/unomusicsklep.pl\/index.php?rest_route=\/wp\/v2\/media\/3395"}],"wp:attachment":[{"href":"https:\/\/unomusicsklep.pl\/index.php?rest_route=%2Fwp%2Fv2%2Fmedia&parent=3368"}],"wp:term":[{"taxonomy":"product_brand","embeddable":true,"href":"https:\/\/unomusicsklep.pl\/index.php?rest_route=%2Fwp%2Fv2%2Fproduct_brand&post=3368"},{"taxonomy":"product_cat","embeddable":true,"href":"https:\/\/unomusicsklep.pl\/index.php?rest_route=%2Fwp%2Fv2%2Fproduct_cat&post=3368"},{"taxonomy":"product_tag","embeddable":true,"href":"https:\/\/unomusicsklep.pl\/index.php?rest_route=%2Fwp%2Fv2%2Fproduct_tag&post=3368"}],"curies":[{"name":"wp","href":"https:\/\/api.w.org\/{rel}","templated":true}]}}