{"id":3369,"date":"2025-08-22T17:45:57","date_gmt":"2025-08-22T15:45:57","guid":{"rendered":"https:\/\/unomusic.dfirma.pl\/?product=kapela-weselna-krokus-krokus-cz-2"},"modified":"2025-08-22T18:07:11","modified_gmt":"2025-08-22T16:07:11","slug":"kapela-weselna-krokus-krokus-cz-2","status":"publish","type":"product","link":"https:\/\/unomusicsklep.pl\/?product=kapela-weselna-krokus-krokus-cz-2","title":{"rendered":"Kapela weselna Krokus cz.2"},"content":{"rendered":"<pre>Kapela Krokus powsta\u0142a w 1988 roku z inicjatywy \r\nS\u0142awomira Wierzby. Zesp\u00f3\u0142 specjalizuje si\u0119 w \r\nmuzyce ludowej i weselnej, a do\u015bwiadczenie \r\nzdobywa\u0142 na setkach wesel w regionie \u015bwi\u0119tokrzyskim.\r\nCz\u0142onkowie od lat wsp\u00f3\u0142pracuj\u0105 ze sob\u0105, tworz\u0105c zgrany i \r\nlubiany zesp\u00f3\u0142.\r\n\r\nCD1 (1) Kary ko\u0144, (2) Jedn\u0105 dolineczk\u0105, (3) Pi\u00f3rko i woda, (4) Poci\u0105g po torach, \r\n(5) Wie\u017a mnie, koniku wie\u017a, (6) Le\u015bna polana, (7) Obr\u0105czek kr\u0105g, (8) Hulaj dusa, \r\n(9) Upalny lata dzie\u0144, (10) Chodzi\u0142em do Ciebie, (11) Puka Jasiu, (12) To Ty pierwsza, \r\n(13) P\u0142ynie woda od ogroda, (14) M\u0142ynarek, (15) W stodole na dole<\/pre>\n","protected":false},"excerpt":{"rendered":"<p>Kapela Krokus powsta\u0142a w 1988 roku z inicjatywy S\u0142awomira Wierzby. Zesp\u00f3\u0142 specjalizuje si\u0119 w muzyce ludowej i weselnej, a do\u015bwiadczenie zdobywa\u0142 na setkach wesel w regionie \u015bwi\u0119tokrzyskim. Cz\u0142onkowie od lat wsp\u00f3\u0142pracuj\u0105 ze sob\u0105, tworz\u0105c zgrany i lubiany zesp\u00f3\u0142. CD1 (1) Kary ko\u0144, (2) Jedn\u0105 dolineczk\u0105, (3) Pi\u00f3rko i woda, (4) Poci\u0105g po torach, (5) Wie\u017a [&hellip;]<\/p>\n","protected":false},"featured_media":3398,"template":"","meta":{"_acf_changed":false},"product_brand":[134],"product_cat":[77,67,80],"product_tag":[],"class_list":{"0":"post-3369","1":"product","2":"type-product","3":"status-publish","4":"has-post-thumbnail","6":"product_brand-kapela-weselna-krokus","7":"product_cat-muzyka-biesiadna","8":"product_cat-muzyka-ludowa","9":"product_cat-muzyka-weselna","11":"first","12":"instock","13":"shipping-taxable","14":"purchasable","15":"product-type-simple"},"acf":[],"jetpack_sharing_enabled":true,"_links":{"self":[{"href":"https:\/\/unomusicsklep.pl\/index.php?rest_route=\/wp\/v2\/product\/3369","targetHints":{"allow":["GET"]}}],"collection":[{"href":"https:\/\/unomusicsklep.pl\/index.php?rest_route=\/wp\/v2\/product"}],"about":[{"href":"https:\/\/unomusicsklep.pl\/index.php?rest_route=\/wp\/v2\/types\/product"}],"wp:featuredmedia":[{"embeddable":true,"href":"https:\/\/unomusicsklep.pl\/index.php?rest_route=\/wp\/v2\/media\/3398"}],"wp:attachment":[{"href":"https:\/\/unomusicsklep.pl\/index.php?rest_route=%2Fwp%2Fv2%2Fmedia&parent=3369"}],"wp:term":[{"taxonomy":"product_brand","embeddable":true,"href":"https:\/\/unomusicsklep.pl\/index.php?rest_route=%2Fwp%2Fv2%2Fproduct_brand&post=3369"},{"taxonomy":"product_cat","embeddable":true,"href":"https:\/\/unomusicsklep.pl\/index.php?rest_route=%2Fwp%2Fv2%2Fproduct_cat&post=3369"},{"taxonomy":"product_tag","embeddable":true,"href":"https:\/\/unomusicsklep.pl\/index.php?rest_route=%2Fwp%2Fv2%2Fproduct_tag&post=3369"}],"curies":[{"name":"wp","href":"https:\/\/api.w.org\/{rel}","templated":true}]}}