{"id":3370,"date":"2025-08-22T17:45:57","date_gmt":"2025-08-22T15:45:57","guid":{"rendered":"https:\/\/unomusic.dfirma.pl\/?product=rozni-wykonawcy-swietokrzyskie-wesele"},"modified":"2025-08-22T18:08:08","modified_gmt":"2025-08-22T16:08:08","slug":"rozni-wykonawcy-swietokrzyskie-wesele","status":"publish","type":"product","link":"https:\/\/unomusicsklep.pl\/?product=rozni-wykonawcy-swietokrzyskie-wesele","title":{"rendered":"R\u00f3\u017cni wykonawcy &#8211; \u015awi\u0119tokrzyskie wesele"},"content":{"rendered":"<pre>Kompilacja utwor\u00f3w weselnych, biesiadnych i \r\nludowych wykonywanych przez znane zespo\u0142y z \r\nregionu \u015awi\u0119tokrzyskiego.\r\n\r\nCD1 (1) Szalony zakochany, (2) Spowied\u017a, (3) Amigo, (4) Kowbojskie \u017cycie, \r\n(5) Ten kto si\u0119 \u015bmieje, (6) D\u0142onie, (7) Nie gniewaj si\u0119, (8) Kocham lato, \r\n(9) Asiu, kochanie, (10) A ja si\u0119 \u015bmiej\u0119, (11) \u017begnaj mi\u0142a, (12) Cha Cha Cha, \r\n(13) Oddalenie, (14) Czy chcesz, czy nie, (15) Dziewczyno wymarzona, (16) Te imprezy, \r\n(17) Starego mi dali, (18) Rodzinny dom, (19) Zielony w\u00f3z, (20) Nie odchod\u017a nigdy\r\n\r\n\r\nCD2 (1) Dzie\u0144 wesela, (2) Hej Hola Hola, (3) Jedna spo\u015br\u00f3d wielu, (4) Rumba, \r\n(5) Bukiet s\u0142\u00f3w, (6) Si\u00f3dma dziewczyno do laseczka, (7) Nieznajoma, (8) Lady M, \r\n(9) Uciekaj, uciekaj, (10) Czumbalala\u0142ajka, (11) Jad\u0105 go\u015bcie jad\u0105, (12) Te pachn\u0105ce r\u00f3\u017ce, \r\n(13) Hola Wacu\u015b, (14) Ola, (15) Wakacje, (16) Kiedy dwoje nas chce, (17) Cyganeczka Zosia, \r\n(18) Mi\u0142o\u015b\u0107, (19) Dobranoc go\u015bcie<\/pre>\n","protected":false},"excerpt":{"rendered":"<p>Kompilacja utwor\u00f3w weselnych, biesiadnych i ludowych wykonywanych przez znane zespo\u0142y z regionu \u015awi\u0119tokrzyskiego. CD1 (1) Szalony zakochany, (2) Spowied\u017a, (3) Amigo, (4) Kowbojskie \u017cycie, (5) Ten kto si\u0119 \u015bmieje, (6) D\u0142onie, (7) Nie gniewaj si\u0119, (8) Kocham lato, (9) Asiu, kochanie, (10) A ja si\u0119 \u015bmiej\u0119, (11) \u017begnaj mi\u0142a, (12) Cha Cha Cha, (13) Oddalenie, [&hellip;]<\/p>\n","protected":false},"featured_media":3400,"template":"","meta":{"_acf_changed":false},"product_brand":[110],"product_cat":[77,78,67,80],"product_tag":[],"class_list":{"0":"post-3370","1":"product","2":"type-product","3":"status-publish","4":"has-post-thumbnail","6":"product_brand-rozni-wykonawcy","7":"product_cat-muzyka-biesiadna","8":"product_cat-muzyka-dance","9":"product_cat-muzyka-ludowa","10":"product_cat-muzyka-weselna","12":"first","13":"instock","14":"shipping-taxable","15":"purchasable","16":"product-type-simple"},"acf":[],"jetpack_sharing_enabled":true,"_links":{"self":[{"href":"https:\/\/unomusicsklep.pl\/index.php?rest_route=\/wp\/v2\/product\/3370","targetHints":{"allow":["GET"]}}],"collection":[{"href":"https:\/\/unomusicsklep.pl\/index.php?rest_route=\/wp\/v2\/product"}],"about":[{"href":"https:\/\/unomusicsklep.pl\/index.php?rest_route=\/wp\/v2\/types\/product"}],"wp:featuredmedia":[{"embeddable":true,"href":"https:\/\/unomusicsklep.pl\/index.php?rest_route=\/wp\/v2\/media\/3400"}],"wp:attachment":[{"href":"https:\/\/unomusicsklep.pl\/index.php?rest_route=%2Fwp%2Fv2%2Fmedia&parent=3370"}],"wp:term":[{"taxonomy":"product_brand","embeddable":true,"href":"https:\/\/unomusicsklep.pl\/index.php?rest_route=%2Fwp%2Fv2%2Fproduct_brand&post=3370"},{"taxonomy":"product_cat","embeddable":true,"href":"https:\/\/unomusicsklep.pl\/index.php?rest_route=%2Fwp%2Fv2%2Fproduct_cat&post=3370"},{"taxonomy":"product_tag","embeddable":true,"href":"https:\/\/unomusicsklep.pl\/index.php?rest_route=%2Fwp%2Fv2%2Fproduct_tag&post=3370"}],"curies":[{"name":"wp","href":"https:\/\/api.w.org\/{rel}","templated":true}]}}