{"id":3371,"date":"2025-08-22T17:45:57","date_gmt":"2025-08-22T15:45:57","guid":{"rendered":"https:\/\/unomusic.dfirma.pl\/?product=zespol-am-jak-zabawa-to-zabawa"},"modified":"2025-08-22T18:09:07","modified_gmt":"2025-08-22T16:09:07","slug":"zespol-am-jak-zabawa-to-zabawa","status":"publish","type":"product","link":"https:\/\/unomusicsklep.pl\/?product=zespol-am-jak-zabawa-to-zabawa","title":{"rendered":"Zesp\u00f3\u0142 AM &#8211; Jak zabawa to zabawa&#8230;"},"content":{"rendered":"<pre>CD1 (1) Jak zabawa to zabawa, (2) Dawaj, dawaj, (3) Za twe oczy, (4) Spowied\u017a, \r\n(5) Kocham ci\u0119, (6) Ona jak ze snu, (7) S\u0142oneczna Ania, (8) Uwielbiam kiedy patrzysz, \r\n(9) Zosta\u0144, (10) Idealna, (11) Bogini w bikini, (12) Tylko Zuza, (13) R\u00f3\u017cowe okulary, \r\n(14) Jagoda<\/pre>\n","protected":false},"excerpt":{"rendered":"<p>CD1 (1) Jak zabawa to zabawa, (2) Dawaj, dawaj, (3) Za twe oczy, (4) Spowied\u017a, (5) Kocham ci\u0119, (6) Ona jak ze snu, (7) S\u0142oneczna Ania, (8) Uwielbiam kiedy patrzysz, (9) Zosta\u0144, (10) Idealna, (11) Bogini w bikini, (12) Tylko Zuza, (13) R\u00f3\u017cowe okulary, (14) Jagoda<\/p>\n","protected":false},"featured_media":3401,"template":"","meta":{"_acf_changed":false},"product_brand":[135],"product_cat":[17],"product_tag":[],"class_list":{"0":"post-3371","1":"product","2":"type-product","3":"status-publish","4":"has-post-thumbnail","6":"product_brand-zespol-am","7":"product_cat-bez-kategorii","9":"first","10":"instock","11":"shipping-taxable","12":"purchasable","13":"product-type-simple"},"acf":[],"jetpack_sharing_enabled":true,"_links":{"self":[{"href":"https:\/\/unomusicsklep.pl\/index.php?rest_route=\/wp\/v2\/product\/3371","targetHints":{"allow":["GET"]}}],"collection":[{"href":"https:\/\/unomusicsklep.pl\/index.php?rest_route=\/wp\/v2\/product"}],"about":[{"href":"https:\/\/unomusicsklep.pl\/index.php?rest_route=\/wp\/v2\/types\/product"}],"wp:featuredmedia":[{"embeddable":true,"href":"https:\/\/unomusicsklep.pl\/index.php?rest_route=\/wp\/v2\/media\/3401"}],"wp:attachment":[{"href":"https:\/\/unomusicsklep.pl\/index.php?rest_route=%2Fwp%2Fv2%2Fmedia&parent=3371"}],"wp:term":[{"taxonomy":"product_brand","embeddable":true,"href":"https:\/\/unomusicsklep.pl\/index.php?rest_route=%2Fwp%2Fv2%2Fproduct_brand&post=3371"},{"taxonomy":"product_cat","embeddable":true,"href":"https:\/\/unomusicsklep.pl\/index.php?rest_route=%2Fwp%2Fv2%2Fproduct_cat&post=3371"},{"taxonomy":"product_tag","embeddable":true,"href":"https:\/\/unomusicsklep.pl\/index.php?rest_route=%2Fwp%2Fv2%2Fproduct_tag&post=3371"}],"curies":[{"name":"wp","href":"https:\/\/api.w.org\/{rel}","templated":true}]}}