{"id":3373,"date":"2025-08-22T17:45:58","date_gmt":"2025-08-22T15:45:58","guid":{"rendered":"https:\/\/unomusic.dfirma.pl\/?product=jarek-kosiniak-disco-polo"},"modified":"2025-08-22T20:14:50","modified_gmt":"2025-08-22T18:14:50","slug":"jarek-kosiniak-disco-polo","status":"publish","type":"product","link":"https:\/\/unomusicsklep.pl\/?product=jarek-kosiniak-disco-polo","title":{"rendered":"Jarek Kosiniak &#8211; Blondyneczka"},"content":{"rendered":"<pre>Jarek Kosiniak to pasjonat muzyki, kt\u00f3ry zajmuje si\u0119 \r\nzar\u00f3wno \u015bpiewem, jak i gr\u0105 na saksofonie. W jego \r\ntw\u00f3rczo\u015bci mo\u017cna znale\u017a\u0107 popularne covery utwor\u00f3w \r\ndisco polo oraz autorskie kompozycje.\r\n\r\nCD1 (1) Blondyneczka, (2) Dziewczyna w sukience, (3) Ca\u0142y \u015bwiat to Ty, (4) Uwierz w mi\u0142o\u015b\u0107, \r\n(5) Pani mego snu, (6) Klucz do serca, (7) Jeste\u015b wszystkim, (8) Chc\u0119 by\u0107 z Tob\u0105, \r\n(9) Zakocha\u0142em si\u0119, (10) Ma dziewczyno, (11) Powiedz mi, (12) S\u0142odka Lala, (13) To przy Tobie, \r\n(14) Magda<\/pre>\n","protected":false},"excerpt":{"rendered":"<p>Jarek Kosiniak to pasjonat muzyki, kt\u00f3ry zajmuje si\u0119 zar\u00f3wno \u015bpiewem, jak i gr\u0105 na saksofonie. W jego tw\u00f3rczo\u015bci mo\u017cna znale\u017a\u0107 popularne covery utwor\u00f3w disco polo oraz autorskie kompozycje. CD1 (1) Blondyneczka, (2) Dziewczyna w sukience, (3) Ca\u0142y \u015bwiat to Ty, (4) Uwierz w mi\u0142o\u015b\u0107, (5) Pani mego snu, (6) Klucz do serca, (7) Jeste\u015b wszystkim, [&hellip;]<\/p>\n","protected":false},"featured_media":3405,"template":"","meta":{"_acf_changed":false},"product_brand":[136],"product_cat":[138,78],"product_tag":[],"class_list":{"0":"post-3373","1":"product","2":"type-product","3":"status-publish","4":"has-post-thumbnail","6":"product_brand-jarek-kosiniak","7":"product_cat-disco-polo","8":"product_cat-muzyka-dance","10":"first","11":"instock","12":"featured","13":"shipping-taxable","14":"purchasable","15":"product-type-simple"},"acf":[],"jetpack_sharing_enabled":true,"_links":{"self":[{"href":"https:\/\/unomusicsklep.pl\/index.php?rest_route=\/wp\/v2\/product\/3373","targetHints":{"allow":["GET"]}}],"collection":[{"href":"https:\/\/unomusicsklep.pl\/index.php?rest_route=\/wp\/v2\/product"}],"about":[{"href":"https:\/\/unomusicsklep.pl\/index.php?rest_route=\/wp\/v2\/types\/product"}],"wp:featuredmedia":[{"embeddable":true,"href":"https:\/\/unomusicsklep.pl\/index.php?rest_route=\/wp\/v2\/media\/3405"}],"wp:attachment":[{"href":"https:\/\/unomusicsklep.pl\/index.php?rest_route=%2Fwp%2Fv2%2Fmedia&parent=3373"}],"wp:term":[{"taxonomy":"product_brand","embeddable":true,"href":"https:\/\/unomusicsklep.pl\/index.php?rest_route=%2Fwp%2Fv2%2Fproduct_brand&post=3373"},{"taxonomy":"product_cat","embeddable":true,"href":"https:\/\/unomusicsklep.pl\/index.php?rest_route=%2Fwp%2Fv2%2Fproduct_cat&post=3373"},{"taxonomy":"product_tag","embeddable":true,"href":"https:\/\/unomusicsklep.pl\/index.php?rest_route=%2Fwp%2Fv2%2Fproduct_tag&post=3373"}],"curies":[{"name":"wp","href":"https:\/\/api.w.org\/{rel}","templated":true}]}}