{"id":3375,"date":"2025-08-22T17:45:58","date_gmt":"2025-08-22T15:45:58","guid":{"rendered":"https:\/\/unomusic.dfirma.pl\/?product=kapela-od-polanca-od-polanca-cz-2"},"modified":"2025-08-22T20:21:09","modified_gmt":"2025-08-22T18:21:09","slug":"kapela-od-polanca-od-polanca-cz-2","status":"publish","type":"product","link":"https:\/\/unomusicsklep.pl\/?product=kapela-od-polanca-od-polanca-cz-2","title":{"rendered":"Kapela od Pola\u0144ca &#8211; od Pola\u0144ca cz.2"},"content":{"rendered":"<pre>Kapela od Pola\u0144ca powsta\u0142a w 2014 roku z misj\u0105 ocalenia od \r\nzapomnienia tradycyjnych melodii i przy\u015bpiewek z regionu Polanieckiego \r\ni Nadwi\u015bla\u0144skiego. Cz\u0142onkowie z sukcesami wyst\u0119puj\u0105 na przegl\u0105dach kapel, \r\nzdobywaj\u0105c wiele nagr\u00f3d. Ich muzyka to nieod\u0142\u0105czny element lokalnych imprez \r\ni pota\u0144c\u00f3wek.\r\n\r\nCD1 (1) Stefka, (2) Tam w lesie pod sosn\u0105, (3) Polka Siu Siu, (4) Andziule\u0144ka, \r\n(5) By\u0142em w Po\u0142a\u0144cu na zabawie, (6) Polka od Ruszczy, (7) Czy b\u0119dzie Ci ze mn\u0105 dobrze, \r\n(8) Walc z nad Wis\u0142y, (9) Zb\u00f3jeckie czasy, (10) Polka Sewera, (11) Piwniczka, \r\n(12) Oj te dziewczyny, (13) Zaczarowana noc, (14) Polka od Z\u0119bina, (15) Marsz Pu\u0142tawa<\/pre>\n","protected":false},"excerpt":{"rendered":"<p>Kapela od Pola\u0144ca powsta\u0142a w 2014 roku z misj\u0105 ocalenia od zapomnienia tradycyjnych melodii i przy\u015bpiewek z regionu Polanieckiego i Nadwi\u015bla\u0144skiego. Cz\u0142onkowie z sukcesami wyst\u0119puj\u0105 na przegl\u0105dach kapel, zdobywaj\u0105c wiele nagr\u00f3d. Ich muzyka to nieod\u0142\u0105czny element lokalnych imprez i pota\u0144c\u00f3wek. CD1 (1) Stefka, (2) Tam w lesie pod sosn\u0105, (3) Polka Siu Siu, (4) Andziule\u0144ka, [&hellip;]<\/p>\n","protected":false},"featured_media":3409,"template":"","meta":{"_acf_changed":false},"product_brand":[131],"product_cat":[77,67,80],"product_tag":[],"class_list":{"0":"post-3375","1":"product","2":"type-product","3":"status-publish","4":"has-post-thumbnail","6":"product_brand-kapela-od-polanca","7":"product_cat-muzyka-biesiadna","8":"product_cat-muzyka-ludowa","9":"product_cat-muzyka-weselna","11":"first","12":"instock","13":"featured","14":"shipping-taxable","15":"purchasable","16":"product-type-simple"},"acf":[],"jetpack_sharing_enabled":true,"_links":{"self":[{"href":"https:\/\/unomusicsklep.pl\/index.php?rest_route=\/wp\/v2\/product\/3375","targetHints":{"allow":["GET"]}}],"collection":[{"href":"https:\/\/unomusicsklep.pl\/index.php?rest_route=\/wp\/v2\/product"}],"about":[{"href":"https:\/\/unomusicsklep.pl\/index.php?rest_route=\/wp\/v2\/types\/product"}],"wp:featuredmedia":[{"embeddable":true,"href":"https:\/\/unomusicsklep.pl\/index.php?rest_route=\/wp\/v2\/media\/3409"}],"wp:attachment":[{"href":"https:\/\/unomusicsklep.pl\/index.php?rest_route=%2Fwp%2Fv2%2Fmedia&parent=3375"}],"wp:term":[{"taxonomy":"product_brand","embeddable":true,"href":"https:\/\/unomusicsklep.pl\/index.php?rest_route=%2Fwp%2Fv2%2Fproduct_brand&post=3375"},{"taxonomy":"product_cat","embeddable":true,"href":"https:\/\/unomusicsklep.pl\/index.php?rest_route=%2Fwp%2Fv2%2Fproduct_cat&post=3375"},{"taxonomy":"product_tag","embeddable":true,"href":"https:\/\/unomusicsklep.pl\/index.php?rest_route=%2Fwp%2Fv2%2Fproduct_tag&post=3375"}],"curies":[{"name":"wp","href":"https:\/\/api.w.org\/{rel}","templated":true}]}}