{"id":3376,"date":"2025-08-22T17:45:58","date_gmt":"2025-08-22T15:45:58","guid":{"rendered":"https:\/\/unomusic.dfirma.pl\/?product=bracia-bara-bara-bara-bara-cz-2"},"modified":"2025-08-22T20:05:12","modified_gmt":"2025-08-22T18:05:12","slug":"bracia-bara-bara-bara-bara-cz-2","status":"publish","type":"product","link":"https:\/\/unomusicsklep.pl\/?product=bracia-bara-bara-bara-bara-cz-2","title":{"rendered":"Bracia Bara Bara cz.2"},"content":{"rendered":"<pre>Bracia Bara Bara to legendarni muzykanci, kt\u00f3rzy \r\nbawili ca\u0142e wsie na zabawach i weselach, a ich gra \r\nzapisa\u0142a si\u0119 w pami\u0119ci najstarszych g\u00f3rali. Ich \r\nwyst\u0119py owiane s\u0105 licznymi anegdotami, kiedy to \r\nwyst\u0119puj\u0105 na wielu wydarzeniach zabawiaj\u0105c go\u015bci.\r\n\r\nCD1 (1) Ty mi go sama w\u0142\u00f3\u017c!, (2) Wesele na dzia\u0142kach, (3) P\u0142ynie rzeka, (4) Buja ksi\u0119\u017cyc, \r\n(5) B\u0119dziesz pi\u0142a - polka, (6) Bimber spekulanta, (7) Samba Re Re, (8) Nie zapomnij o mnie - tango, \r\n(9) Pechowiec, (10) Polka wyprowadzana, (11) Koszmarny sen - polka, (12) Zarzu\u0107 p\u0142aszcz, \r\n(13) Przytul mnie, (14) Luba dziewczyno, (15) Rhumba<\/pre>\n","protected":false},"excerpt":{"rendered":"<p>Bracia Bara Bara to legendarni muzykanci, kt\u00f3rzy bawili ca\u0142e wsie na zabawach i weselach, a ich gra zapisa\u0142a si\u0119 w pami\u0119ci najstarszych g\u00f3rali. Ich wyst\u0119py owiane s\u0105 licznymi anegdotami, kiedy to wyst\u0119puj\u0105 na wielu wydarzeniach zabawiaj\u0105c go\u015bci. CD1 (1) Ty mi go sama w\u0142\u00f3\u017c!, (2) Wesele na dzia\u0142kach, (3) P\u0142ynie rzeka, (4) Buja ksi\u0119\u017cyc, (5) [&hellip;]<\/p>\n","protected":false},"featured_media":3411,"template":"","meta":{"_acf_changed":false},"product_brand":[121],"product_cat":[77,67,80],"product_tag":[],"class_list":{"0":"post-3376","1":"product","2":"type-product","3":"status-publish","4":"has-post-thumbnail","6":"product_brand-bracia-bara-bara","7":"product_cat-muzyka-biesiadna","8":"product_cat-muzyka-ludowa","9":"product_cat-muzyka-weselna","11":"first","12":"instock","13":"shipping-taxable","14":"purchasable","15":"product-type-simple"},"acf":[],"jetpack_sharing_enabled":true,"_links":{"self":[{"href":"https:\/\/unomusicsklep.pl\/index.php?rest_route=\/wp\/v2\/product\/3376","targetHints":{"allow":["GET"]}}],"collection":[{"href":"https:\/\/unomusicsklep.pl\/index.php?rest_route=\/wp\/v2\/product"}],"about":[{"href":"https:\/\/unomusicsklep.pl\/index.php?rest_route=\/wp\/v2\/types\/product"}],"wp:featuredmedia":[{"embeddable":true,"href":"https:\/\/unomusicsklep.pl\/index.php?rest_route=\/wp\/v2\/media\/3411"}],"wp:attachment":[{"href":"https:\/\/unomusicsklep.pl\/index.php?rest_route=%2Fwp%2Fv2%2Fmedia&parent=3376"}],"wp:term":[{"taxonomy":"product_brand","embeddable":true,"href":"https:\/\/unomusicsklep.pl\/index.php?rest_route=%2Fwp%2Fv2%2Fproduct_brand&post=3376"},{"taxonomy":"product_cat","embeddable":true,"href":"https:\/\/unomusicsklep.pl\/index.php?rest_route=%2Fwp%2Fv2%2Fproduct_cat&post=3376"},{"taxonomy":"product_tag","embeddable":true,"href":"https:\/\/unomusicsklep.pl\/index.php?rest_route=%2Fwp%2Fv2%2Fproduct_tag&post=3376"}],"curies":[{"name":"wp","href":"https:\/\/api.w.org\/{rel}","templated":true}]}}