{"id":3377,"date":"2025-08-22T17:45:58","date_gmt":"2025-08-22T15:45:58","guid":{"rendered":"https:\/\/unomusic.dfirma.pl\/?product=kapela-ludowa-malopolanie-kapela-ludowa-malopolanie-cz-1"},"modified":"2025-08-22T20:05:16","modified_gmt":"2025-08-22T18:05:16","slug":"kapela-ludowa-malopolanie-kapela-ludowa-malopolanie-cz-1","status":"publish","type":"product","link":"https:\/\/unomusicsklep.pl\/?product=kapela-ludowa-malopolanie-kapela-ludowa-malopolanie-cz-1","title":{"rendered":"Kapela ludowa Ma\u0142opolanie cz.1"},"content":{"rendered":"<pre>Kapela Ma\u0142opolanie to zesp\u00f3\u0142 wykonuj\u0105cy muzyk\u0119 ludow\u0105 z \r\npogranicza wojew\u00f3dztw Ma\u0142opolskiego i \u015awi\u0119tokrzyskiego. \r\nJest to klasyczna kapela ludowa w sk\u0142ad kt\u00f3rej wchodz\u0105:\r\nakordeon, skrzypce, tr\u0105bka, kontrabas i klarnet.\r\n\r\nCD1 (1) Kawalerskie nauki, (2) Stary i dziewczyna, (3) Weso\u0142e czasy, (4) Wysz\u0142a chmura, \r\n(5) U m\u0142ynarczyka, (6) O\u017ce\u0144 si\u0119 Jasiu, (7) Nasz Krakowiak, (8) Gdy mia\u0142em 18 lat, \r\n(9) Niedola Jadwigi, (10) Od Krakowa, (11) Walc spotkanie, (12) O\u017ceni\u0142 si\u0119 ko\u0142odziej, \r\n(13) Ta nasza kapela Ma\u0142opolanie, (14) W niedziel\u0119 po obiedzie, (15) Krakowiak weselny, (16) Wi\u0119c do widzenia<\/pre>\n","protected":false},"excerpt":{"rendered":"<p>Kapela Ma\u0142opolanie to zesp\u00f3\u0142 wykonuj\u0105cy muzyk\u0119 ludow\u0105 z pogranicza wojew\u00f3dztw Ma\u0142opolskiego i \u015awi\u0119tokrzyskiego. Jest to klasyczna kapela ludowa w sk\u0142ad kt\u00f3rej wchodz\u0105: akordeon, skrzypce, tr\u0105bka, kontrabas i klarnet. CD1 (1) Kawalerskie nauki, (2) Stary i dziewczyna, (3) Weso\u0142e czasy, (4) Wysz\u0142a chmura, (5) U m\u0142ynarczyka, (6) O\u017ce\u0144 si\u0119 Jasiu, (7) Nasz Krakowiak, (8) Gdy mia\u0142em [&hellip;]<\/p>\n","protected":false},"featured_media":3413,"template":"","meta":{"_acf_changed":false},"product_brand":[137],"product_cat":[17],"product_tag":[],"class_list":{"0":"post-3377","1":"product","2":"type-product","3":"status-publish","4":"has-post-thumbnail","6":"product_brand-kapela-ludowa-malopolanie","7":"product_cat-bez-kategorii","9":"first","10":"instock","11":"shipping-taxable","12":"purchasable","13":"product-type-simple"},"acf":[],"jetpack_sharing_enabled":true,"_links":{"self":[{"href":"https:\/\/unomusicsklep.pl\/index.php?rest_route=\/wp\/v2\/product\/3377","targetHints":{"allow":["GET"]}}],"collection":[{"href":"https:\/\/unomusicsklep.pl\/index.php?rest_route=\/wp\/v2\/product"}],"about":[{"href":"https:\/\/unomusicsklep.pl\/index.php?rest_route=\/wp\/v2\/types\/product"}],"wp:featuredmedia":[{"embeddable":true,"href":"https:\/\/unomusicsklep.pl\/index.php?rest_route=\/wp\/v2\/media\/3413"}],"wp:attachment":[{"href":"https:\/\/unomusicsklep.pl\/index.php?rest_route=%2Fwp%2Fv2%2Fmedia&parent=3377"}],"wp:term":[{"taxonomy":"product_brand","embeddable":true,"href":"https:\/\/unomusicsklep.pl\/index.php?rest_route=%2Fwp%2Fv2%2Fproduct_brand&post=3377"},{"taxonomy":"product_cat","embeddable":true,"href":"https:\/\/unomusicsklep.pl\/index.php?rest_route=%2Fwp%2Fv2%2Fproduct_cat&post=3377"},{"taxonomy":"product_tag","embeddable":true,"href":"https:\/\/unomusicsklep.pl\/index.php?rest_route=%2Fwp%2Fv2%2Fproduct_tag&post=3377"}],"curies":[{"name":"wp","href":"https:\/\/api.w.org\/{rel}","templated":true}]}}