{"id":3378,"date":"2025-08-22T17:45:58","date_gmt":"2025-08-22T15:45:58","guid":{"rendered":"https:\/\/unomusic.dfirma.pl\/?product=rozni-wykonawcy-2"},"modified":"2025-08-22T20:09:30","modified_gmt":"2025-08-22T18:09:30","slug":"rozni-wykonawcy-2","status":"publish","type":"product","link":"https:\/\/unomusicsklep.pl\/?product=rozni-wykonawcy-2","title":{"rendered":"Kapela Ada\u015bki cz.1"},"content":{"rendered":"<pre>Kapel\u0119 \u201eAda\u015bki\u201d tworz\u0105 do\u015bwiadczeni muzycy, wi\u0119kszo\u015b\u0107 \r\nz nich gra razem ju\u017c ponad p\u00f3\u0142 wieku. Zesp\u00f3\u0142 s\u0142ynie z \r\nenergii, humoru i muzycznej zadziorno\u015bci. Ich granie \r\nprzypomina dawny styl zabaw i wesel ze \u015awi\u0119tokrzyskiego \r\n\u2013 potrafi\u0105 bawi\u0107 muzyk\u0105 przez ca\u0142\u0105 noc. Repertuar kapeli \r\nobejmuje polki, oberki, foxtroty, walczyki i tanga, a ich \r\nstyl wywodzi si\u0119 z tradycji podw\u00f3rkowych kapel i jest g\u0142\u0119boko \r\nzakorzeniony w muzyce wiejskiej regionu. Muzyka Ada\u015bk\u00f3w to nie \r\ntylko d\u017awi\u0119ki \u2013 to przekaz rado\u015bci \u017cycia i tradycyjnej zabawy\r\n\r\nCD1 (1) Ma\u0142gorzata, (2) Majowe bzy, (3) Polka od Rzeszowa, (4) Znajd\u0119 pann\u0119 jak marzenie, \r\n(5) Mijaj\u0105 lata, (6) Oberek Rach, ciach, ciach, (7) Wiatr, (8) Suliko, (9) Walczyk Wo\u017aniaka, \r\n(10) R\u00f3\u017ca bielusie\u0144ka, (11) Jajka, (12) Spotka\u0142 Maciej Pann\u0119, (13) Za\u015bwie\u0107 gwiazdk\u0105 za\u015bwie\u0107, \r\n(14) Polka szalona, (15) Kunicki<\/pre>\n","protected":false},"excerpt":{"rendered":"<p>Kapel\u0119 \u201eAda\u015bki\u201d tworz\u0105 do\u015bwiadczeni muzycy, wi\u0119kszo\u015b\u0107 z nich gra razem ju\u017c ponad p\u00f3\u0142 wieku. Zesp\u00f3\u0142 s\u0142ynie z energii, humoru i muzycznej zadziorno\u015bci. Ich granie przypomina dawny styl zabaw i wesel ze \u015awi\u0119tokrzyskiego \u2013 potrafi\u0105 bawi\u0107 muzyk\u0105 przez ca\u0142\u0105 noc. Repertuar kapeli obejmuje polki, oberki, foxtroty, walczyki i tanga, a ich styl wywodzi si\u0119 z tradycji [&hellip;]<\/p>\n","protected":false},"featured_media":3419,"template":"","meta":{"_acf_changed":false},"product_brand":[132],"product_cat":[77,67,80],"product_tag":[],"class_list":{"0":"post-3378","1":"product","2":"type-product","3":"status-publish","4":"has-post-thumbnail","6":"product_brand-kapela-adalski","7":"product_cat-muzyka-biesiadna","8":"product_cat-muzyka-ludowa","9":"product_cat-muzyka-weselna","11":"first","12":"instock","13":"shipping-taxable","14":"purchasable","15":"product-type-simple"},"acf":[],"jetpack_sharing_enabled":true,"_links":{"self":[{"href":"https:\/\/unomusicsklep.pl\/index.php?rest_route=\/wp\/v2\/product\/3378","targetHints":{"allow":["GET"]}}],"collection":[{"href":"https:\/\/unomusicsklep.pl\/index.php?rest_route=\/wp\/v2\/product"}],"about":[{"href":"https:\/\/unomusicsklep.pl\/index.php?rest_route=\/wp\/v2\/types\/product"}],"wp:featuredmedia":[{"embeddable":true,"href":"https:\/\/unomusicsklep.pl\/index.php?rest_route=\/wp\/v2\/media\/3419"}],"wp:attachment":[{"href":"https:\/\/unomusicsklep.pl\/index.php?rest_route=%2Fwp%2Fv2%2Fmedia&parent=3378"}],"wp:term":[{"taxonomy":"product_brand","embeddable":true,"href":"https:\/\/unomusicsklep.pl\/index.php?rest_route=%2Fwp%2Fv2%2Fproduct_brand&post=3378"},{"taxonomy":"product_cat","embeddable":true,"href":"https:\/\/unomusicsklep.pl\/index.php?rest_route=%2Fwp%2Fv2%2Fproduct_cat&post=3378"},{"taxonomy":"product_tag","embeddable":true,"href":"https:\/\/unomusicsklep.pl\/index.php?rest_route=%2Fwp%2Fv2%2Fproduct_tag&post=3378"}],"curies":[{"name":"wp","href":"https:\/\/api.w.org\/{rel}","templated":true}]}}