{"id":3379,"date":"2025-08-22T17:45:58","date_gmt":"2025-08-22T15:45:58","guid":{"rendered":"https:\/\/unomusic.dfirma.pl\/?product=kapela-ludowa-malopolanie-kapela-ludowa-malopolanie-cz-2"},"modified":"2025-08-22T20:07:36","modified_gmt":"2025-08-22T18:07:36","slug":"kapela-ludowa-malopolanie-kapela-ludowa-malopolanie-cz-2","status":"publish","type":"product","link":"https:\/\/unomusicsklep.pl\/?product=kapela-ludowa-malopolanie-kapela-ludowa-malopolanie-cz-2","title":{"rendered":"Kapela ludowa Ma\u0142opolanie cz.2"},"content":{"rendered":"<pre>Kapela Ma\u0142opolanie to zesp\u00f3\u0142 wykonuj\u0105cy muzyk\u0119 ludow\u0105 \r\nz pogranicza wojew\u00f3dztw Ma\u0142opolskiego i \u015awi\u0119tokrzyskiego. \r\nJest to klasyczna kapela ludowa w sk\u0142ad kt\u00f3rej wchodz\u0105:\r\nakordeon, skrzypce, tr\u0105bka, kontrabas i klarnet.\r\n\r\nCD1 (1) \u017bycie kawalera, (2) Marysiu, Marysiu, (3) Obiecanki dziewczynie, (4) Walc Wspomnienie, \r\n(5) Wysz\u0142a chmura od Trzonowa, (6) Jecho\u0142em jo se przez las, (7) Hej w lesie w lesie, (8) Matulu moja, \r\n(9) \u017bale sze\u015b\u0107dziesi\u0119ciolatka, (10) Gdy szed\u0142em dr\u00f3\u017cyn\u0105, (11) Polka na jedn\u0105 nog\u0119, (12) Polka - mia\u0142em ja dziewczyn\u0119, \r\n(13) Pi\u0119kna jest nasza ziemia, (14) Walc ku pami\u0119ci Jana Ozgi, (15) Mamo, ach mamo kochana, (16) Staro babka by\u0142a, \r\n(17) Krakowiak, (18) Nie b\u0119d\u0119 si\u0119 \u017cyni\u0142, (19) Rumba, (20) Hej tam pod lasem<\/pre>\n","protected":false},"excerpt":{"rendered":"<p>Kapela Ma\u0142opolanie to zesp\u00f3\u0142 wykonuj\u0105cy muzyk\u0119 ludow\u0105 z pogranicza wojew\u00f3dztw Ma\u0142opolskiego i \u015awi\u0119tokrzyskiego. Jest to klasyczna kapela ludowa w sk\u0142ad kt\u00f3rej wchodz\u0105: akordeon, skrzypce, tr\u0105bka, kontrabas i klarnet. CD1 (1) \u017bycie kawalera, (2) Marysiu, Marysiu, (3) Obiecanki dziewczynie, (4) Walc Wspomnienie, (5) Wysz\u0142a chmura od Trzonowa, (6) Jecho\u0142em jo se przez las, (7) Hej w [&hellip;]<\/p>\n","protected":false},"featured_media":3415,"template":"","meta":{"_acf_changed":false},"product_brand":[137],"product_cat":[77,67,80],"product_tag":[],"class_list":{"0":"post-3379","1":"product","2":"type-product","3":"status-publish","4":"has-post-thumbnail","6":"product_brand-kapela-ludowa-malopolanie","7":"product_cat-muzyka-biesiadna","8":"product_cat-muzyka-ludowa","9":"product_cat-muzyka-weselna","11":"first","12":"instock","13":"shipping-taxable","14":"purchasable","15":"product-type-simple"},"acf":[],"jetpack_sharing_enabled":true,"_links":{"self":[{"href":"https:\/\/unomusicsklep.pl\/index.php?rest_route=\/wp\/v2\/product\/3379","targetHints":{"allow":["GET"]}}],"collection":[{"href":"https:\/\/unomusicsklep.pl\/index.php?rest_route=\/wp\/v2\/product"}],"about":[{"href":"https:\/\/unomusicsklep.pl\/index.php?rest_route=\/wp\/v2\/types\/product"}],"wp:featuredmedia":[{"embeddable":true,"href":"https:\/\/unomusicsklep.pl\/index.php?rest_route=\/wp\/v2\/media\/3415"}],"wp:attachment":[{"href":"https:\/\/unomusicsklep.pl\/index.php?rest_route=%2Fwp%2Fv2%2Fmedia&parent=3379"}],"wp:term":[{"taxonomy":"product_brand","embeddable":true,"href":"https:\/\/unomusicsklep.pl\/index.php?rest_route=%2Fwp%2Fv2%2Fproduct_brand&post=3379"},{"taxonomy":"product_cat","embeddable":true,"href":"https:\/\/unomusicsklep.pl\/index.php?rest_route=%2Fwp%2Fv2%2Fproduct_cat&post=3379"},{"taxonomy":"product_tag","embeddable":true,"href":"https:\/\/unomusicsklep.pl\/index.php?rest_route=%2Fwp%2Fv2%2Fproduct_tag&post=3379"}],"curies":[{"name":"wp","href":"https:\/\/api.w.org\/{rel}","templated":true}]}}