{"id":3380,"date":"2025-08-22T17:45:58","date_gmt":"2025-08-22T15:45:58","guid":{"rendered":"https:\/\/unomusic.dfirma.pl\/?product=kapela-adalski-adalski-cz-2"},"modified":"2025-08-22T20:10:58","modified_gmt":"2025-08-22T18:10:58","slug":"kapela-adalski-adalski-cz-2","status":"publish","type":"product","link":"https:\/\/unomusicsklep.pl\/?product=kapela-adalski-adalski-cz-2","title":{"rendered":"Kapela Ada\u015bki cz.2"},"content":{"rendered":"<pre>Kapel\u0119 \u201eAda\u015bki\u201d tworz\u0105 do\u015bwiadczeni muzycy, wi\u0119kszo\u015b\u0107 z \r\nnich gra razem ju\u017c ponad p\u00f3\u0142 wieku. Zesp\u00f3\u0142 s\u0142ynie z energii, \r\nhumoru i muzycznej zadziorno\u015bci. Ich granie przypomina dawny \r\nstyl zabaw i wesel ze \u015awi\u0119tokrzyskiego \u2013 potrafi\u0105 bawi\u0107 muzyk\u0105 \r\nprzez ca\u0142\u0105 noc. Repertuar kapeli obejmuje polki, oberki, foxtroty, \r\nwalczyki i tanga, a ich styl wywodzi si\u0119 z tradycji podw\u00f3rkowych kapel \r\ni jest g\u0142\u0119boko zakorzeniony w muzyce wiejskiej regionu. Muzyka Ada\u015bk\u00f3w \r\nto nie tylko d\u017awi\u0119ki \u2013 to przekaz rado\u015bci \u017cycia i tradycyjnej zabawy\r\n\r\nCD1 (1) \u017beby Ci\u0119 Marycho, (2) Wczoraj na zabawie, (3) Foxtrot Paw\u0142a, (4) Wojtek jo se Wojtek, \r\n(5) Tango Nina, (6) Foxtrot Ada\u015bk\u00f3w, (7) Kuku\u0142eczka, (8) Polka Witkowskich, (9) Walczyk o p\u00f3\u0142nocy, \r\n(10) Foxtrot przygoda, (11) Skowroneczek, (12) Walczyk Witkowskich, (13) Polka o kapeli, (14) Oberek \u015awi\u0119tokrzyski, (15) Malinka<\/pre>\n","protected":false},"excerpt":{"rendered":"<p>Kapel\u0119 \u201eAda\u015bki\u201d tworz\u0105 do\u015bwiadczeni muzycy, wi\u0119kszo\u015b\u0107 z nich gra razem ju\u017c ponad p\u00f3\u0142 wieku. Zesp\u00f3\u0142 s\u0142ynie z energii, humoru i muzycznej zadziorno\u015bci. Ich granie przypomina dawny styl zabaw i wesel ze \u015awi\u0119tokrzyskiego \u2013 potrafi\u0105 bawi\u0107 muzyk\u0105 przez ca\u0142\u0105 noc. Repertuar kapeli obejmuje polki, oberki, foxtroty, walczyki i tanga, a ich styl wywodzi si\u0119 z tradycji [&hellip;]<\/p>\n","protected":false},"featured_media":3418,"template":"","meta":{"_acf_changed":false},"product_brand":[132],"product_cat":[17],"product_tag":[],"class_list":{"0":"post-3380","1":"product","2":"type-product","3":"status-publish","4":"has-post-thumbnail","6":"product_brand-kapela-adalski","7":"product_cat-bez-kategorii","9":"first","10":"instock","11":"shipping-taxable","12":"purchasable","13":"product-type-simple"},"acf":[],"jetpack_sharing_enabled":true,"_links":{"self":[{"href":"https:\/\/unomusicsklep.pl\/index.php?rest_route=\/wp\/v2\/product\/3380","targetHints":{"allow":["GET"]}}],"collection":[{"href":"https:\/\/unomusicsklep.pl\/index.php?rest_route=\/wp\/v2\/product"}],"about":[{"href":"https:\/\/unomusicsklep.pl\/index.php?rest_route=\/wp\/v2\/types\/product"}],"wp:featuredmedia":[{"embeddable":true,"href":"https:\/\/unomusicsklep.pl\/index.php?rest_route=\/wp\/v2\/media\/3418"}],"wp:attachment":[{"href":"https:\/\/unomusicsklep.pl\/index.php?rest_route=%2Fwp%2Fv2%2Fmedia&parent=3380"}],"wp:term":[{"taxonomy":"product_brand","embeddable":true,"href":"https:\/\/unomusicsklep.pl\/index.php?rest_route=%2Fwp%2Fv2%2Fproduct_brand&post=3380"},{"taxonomy":"product_cat","embeddable":true,"href":"https:\/\/unomusicsklep.pl\/index.php?rest_route=%2Fwp%2Fv2%2Fproduct_cat&post=3380"},{"taxonomy":"product_tag","embeddable":true,"href":"https:\/\/unomusicsklep.pl\/index.php?rest_route=%2Fwp%2Fv2%2Fproduct_tag&post=3380"}],"curies":[{"name":"wp","href":"https:\/\/api.w.org\/{rel}","templated":true}]}}